{"id":25,"date":"2017-12-18T19:04:10","date_gmt":"2017-12-18T18:04:10","guid":{"rendered":"http:\/\/js-psychologue.fr\/?page_id=25"},"modified":"2024-04-29T11:45:57","modified_gmt":"2024-04-29T09:45:57","slug":"julie-scouppe","status":"publish","type":"page","link":"https:\/\/js-psychologue.fr\/?page_id=25","title":{"rendered":"Le cabinet"},"content":{"rendered":"<h1>Emplacement<\/h1>\n<p>Le cabinet est situ\u00e9 au 1 rue de l&rsquo;aiguillerie, en plein centre historique de Montpellier, au sein d&rsquo;un cabinet m\u00e9dical et param\u00e9dical. Sont d\u00e9j\u00e0 pr\u00e9sents trois psychiatres, une psychologue et un ost\u00e9opathe. Je partage ma pi\u00e8ce de consultation avec une autre psychologue.<\/p>\n<p>A pieds, il se trouve \u00e0 :<\/p>\n<ul>\n<li>5 minutes de la place de la com\u00e9die (Tram ligne 1 et 2)<\/li>\n<li>1 minute de la Pr\u00e9fecture (et de son parking)<\/li>\n<li>8 minutes de la gare de Montpellier Saint-Roch (Tram 3 et 4)<\/li>\n<li>5 minutes de l&rsquo;arc de triomphe et des jardins du Peyrou<\/li>\n<li>9 minutes du jardin des plantes<\/li>\n<\/ul>\n<p><iframe loading=\"lazy\" style=\"border: 0;\" src=\"https:\/\/www.google.com\/maps\/embed?pb=!1m18!1m12!1m3!1d2888.821192882172!2d3.875065815496375!3d43.6102644791228!2m3!1f0!2f0!3f0!3m2!1i1024!2i768!4f13.1!3m3!1m2!1s0x12b6afa789c062e9%3A0x6232233e2018a144!2s1%20Rue%20de%20l'Aiguillerie%2C%2034000%20Montpellier!5e0!3m2!1sfr!2sfr!4v1615116499393!5m2!1sfr!2sfr\" width=\"600\" height=\"450\" allowfullscreen=\"allowfullscreen\"><\/iframe><\/p>\n\n\n<h2 class=\"has-text-align-left wp-block-heading\">Photos<\/h2>\n\n\n\n<div class=\"wp-block-columns is-layout-flex wp-container-core-columns-is-layout-9d6595d7 wp-block-columns-is-layout-flex\">\n<div class=\"wp-block-column is-layout-flow wp-block-column-is-layout-flow\">\n<figure class=\"wp-block-image size-large is-resized\"><img loading=\"lazy\" decoding=\"async\" src=\"http:\/\/js-psychologue.fr\/wp-content\/uploads\/2021\/03\/Photo-cab-Montpellier-fenetre-576x1024.jpeg\" alt=\"\" class=\"wp-image-336\" width=\"186\" height=\"330\" srcset=\"https:\/\/js-psychologue.fr\/wp-content\/uploads\/2021\/03\/Photo-cab-Montpellier-fenetre-576x1024.jpeg 576w, https:\/\/js-psychologue.fr\/wp-content\/uploads\/2021\/03\/Photo-cab-Montpellier-fenetre-169x300.jpeg 169w, https:\/\/js-psychologue.fr\/wp-content\/uploads\/2021\/03\/Photo-cab-Montpellier-fenetre-768x1365.jpeg 768w, https:\/\/js-psychologue.fr\/wp-content\/uploads\/2021\/03\/Photo-cab-Montpellier-fenetre-864x1536.jpeg 864w, https:\/\/js-psychologue.fr\/wp-content\/uploads\/2021\/03\/Photo-cab-Montpellier-fenetre.jpeg 900w\" sizes=\"auto, (max-width: 186px) 100vw, 186px\" \/><figcaption>Fen\u00eatre<\/figcaption><\/figure>\n\n\n\n<figure class=\"wp-block-image size-large\"><img loading=\"lazy\" decoding=\"async\" width=\"1024\" height=\"576\" src=\"http:\/\/js-psychologue.fr\/wp-content\/uploads\/2021\/06\/Bibliotheque-1024x576.jpeg\" alt=\"\" class=\"wp-image-408\" srcset=\"https:\/\/js-psychologue.fr\/wp-content\/uploads\/2021\/06\/Bibliotheque-1024x576.jpeg 1024w, https:\/\/js-psychologue.fr\/wp-content\/uploads\/2021\/06\/Bibliotheque-300x169.jpeg 300w, https:\/\/js-psychologue.fr\/wp-content\/uploads\/2021\/06\/Bibliotheque-768x432.jpeg 768w, https:\/\/js-psychologue.fr\/wp-content\/uploads\/2021\/06\/Bibliotheque-1536x864.jpeg 1536w, https:\/\/js-psychologue.fr\/wp-content\/uploads\/2021\/06\/Bibliotheque.jpeg 1600w\" sizes=\"auto, (max-width: 706px) 89vw, (max-width: 767px) 82vw, 740px\" \/><figcaption>Biblioth\u00e8que <\/figcaption><\/figure>\n<\/div>\n\n\n\n<div class=\"wp-block-column is-layout-flow wp-block-column-is-layout-flow\">\n<figure class=\"wp-block-image size-large is-resized\"><img loading=\"lazy\" decoding=\"async\" src=\"http:\/\/js-psychologue.fr\/wp-content\/uploads\/2021\/03\/Photo-cab-Montpellier-vue-1024x576.jpeg\" alt=\"\" class=\"wp-image-337\" width=\"324\" height=\"182\" srcset=\"https:\/\/js-psychologue.fr\/wp-content\/uploads\/2021\/03\/Photo-cab-Montpellier-vue-1024x576.jpeg 1024w, https:\/\/js-psychologue.fr\/wp-content\/uploads\/2021\/03\/Photo-cab-Montpellier-vue-300x169.jpeg 300w, https:\/\/js-psychologue.fr\/wp-content\/uploads\/2021\/03\/Photo-cab-Montpellier-vue-768x432.jpeg 768w, https:\/\/js-psychologue.fr\/wp-content\/uploads\/2021\/03\/Photo-cab-Montpellier-vue-1536x864.jpeg 1536w, https:\/\/js-psychologue.fr\/wp-content\/uploads\/2021\/03\/Photo-cab-Montpellier-vue.jpeg 1600w\" sizes=\"auto, (max-width: 324px) 100vw, 324px\" \/><figcaption>Vue sur la place Jean-Jaur\u00e8s<\/figcaption><\/figure>\n\n\n\n<figure class=\"wp-block-image size-large\"><img loading=\"lazy\" decoding=\"async\" width=\"1024\" height=\"576\" src=\"http:\/\/js-psychologue.fr\/wp-content\/uploads\/2021\/06\/Canape-1-1024x576.jpeg\" alt=\"\" class=\"wp-image-409\" srcset=\"https:\/\/js-psychologue.fr\/wp-content\/uploads\/2021\/06\/Canape-1-1024x576.jpeg 1024w, https:\/\/js-psychologue.fr\/wp-content\/uploads\/2021\/06\/Canape-1-300x169.jpeg 300w, https:\/\/js-psychologue.fr\/wp-content\/uploads\/2021\/06\/Canape-1-768x432.jpeg 768w, https:\/\/js-psychologue.fr\/wp-content\/uploads\/2021\/06\/Canape-1-1536x864.jpeg 1536w, https:\/\/js-psychologue.fr\/wp-content\/uploads\/2021\/06\/Canape-1.jpeg 1600w\" sizes=\"auto, (max-width: 706px) 89vw, (max-width: 767px) 82vw, 740px\" \/><figcaption>Fauteuil &#8211; canap\u00e9<\/figcaption><\/figure>\n\n\n\n<div class=\"wp-block-columns is-layout-flex wp-container-core-columns-is-layout-9d6595d7 wp-block-columns-is-layout-flex\">\n<div class=\"wp-block-column is-layout-flow wp-block-column-is-layout-flow\">\n<figure class=\"wp-block-image size-large is-resized\"><img loading=\"lazy\" decoding=\"async\" src=\"http:\/\/js-psychologue.fr\/wp-content\/uploads\/2021\/04\/Cheminee-576x1024.jpg\" alt=\"\" class=\"wp-image-383\" width=\"166\" height=\"294\" srcset=\"https:\/\/js-psychologue.fr\/wp-content\/uploads\/2021\/04\/Cheminee-576x1024.jpg 576w, https:\/\/js-psychologue.fr\/wp-content\/uploads\/2021\/04\/Cheminee-169x300.jpg 169w, https:\/\/js-psychologue.fr\/wp-content\/uploads\/2021\/04\/Cheminee-768x1365.jpg 768w, https:\/\/js-psychologue.fr\/wp-content\/uploads\/2021\/04\/Cheminee-864x1536.jpg 864w, https:\/\/js-psychologue.fr\/wp-content\/uploads\/2021\/04\/Cheminee.jpg 900w\" sizes=\"auto, (max-width: 166px) 100vw, 166px\" \/><figcaption>Chemin\u00e9e<\/figcaption><\/figure>\n<\/div>\n\n\n\n<div class=\"wp-block-column is-layout-flow wp-block-column-is-layout-flow\">\n<figure class=\"wp-block-image size-large is-resized\"><img loading=\"lazy\" decoding=\"async\" src=\"http:\/\/js-psychologue.fr\/wp-content\/uploads\/2021\/06\/Coin-enfants-576x1024.jpg\" alt=\"\" class=\"wp-image-406\" width=\"166\" height=\"294\" srcset=\"https:\/\/js-psychologue.fr\/wp-content\/uploads\/2021\/06\/Coin-enfants-576x1024.jpg 576w, https:\/\/js-psychologue.fr\/wp-content\/uploads\/2021\/06\/Coin-enfants-169x300.jpg 169w, https:\/\/js-psychologue.fr\/wp-content\/uploads\/2021\/06\/Coin-enfants-768x1365.jpg 768w, https:\/\/js-psychologue.fr\/wp-content\/uploads\/2021\/06\/Coin-enfants-864x1536.jpg 864w, https:\/\/js-psychologue.fr\/wp-content\/uploads\/2021\/06\/Coin-enfants.jpg 900w\" sizes=\"auto, (max-width: 166px) 100vw, 166px\" \/><figcaption>Coin enfants<\/figcaption><\/figure>\n<\/div>\n<\/div>\n<\/div>\n<\/div>\n\n\n\n<div class=\"wp-block-group\"><div class=\"wp-block-group__inner-container is-layout-flow wp-block-group-is-layout-flow\">\n<div class=\"wp-block-columns is-layout-flex wp-container-core-columns-is-layout-9d6595d7 wp-block-columns-is-layout-flex\">\n<div class=\"wp-block-column is-layout-flow wp-block-column-is-layout-flow\">\n<figure class=\"wp-block-image size-large is-resized\"><img loading=\"lazy\" decoding=\"async\" src=\"http:\/\/js-psychologue.fr\/wp-content\/uploads\/2021\/03\/Porte-dentree-de-limmeuble-576x1024.jpeg\" alt=\"\" class=\"wp-image-349\" width=\"196\" height=\"349\" srcset=\"https:\/\/js-psychologue.fr\/wp-content\/uploads\/2021\/03\/Porte-dentree-de-limmeuble-576x1024.jpeg 576w, https:\/\/js-psychologue.fr\/wp-content\/uploads\/2021\/03\/Porte-dentree-de-limmeuble-169x300.jpeg 169w, https:\/\/js-psychologue.fr\/wp-content\/uploads\/2021\/03\/Porte-dentree-de-limmeuble-768x1365.jpeg 768w, https:\/\/js-psychologue.fr\/wp-content\/uploads\/2021\/03\/Porte-dentree-de-limmeuble-864x1536.jpeg 864w, https:\/\/js-psychologue.fr\/wp-content\/uploads\/2021\/03\/Porte-dentree-de-limmeuble.jpeg 900w\" sizes=\"auto, (max-width: 196px) 100vw, 196px\" \/><figcaption>Entr\u00e9e de l&rsquo;immeuble<\/figcaption><\/figure>\n<\/div>\n\n\n\n<div class=\"wp-block-column is-layout-flow wp-block-column-is-layout-flow\">\n<figure class=\"wp-block-image size-large is-resized\"><img loading=\"lazy\" decoding=\"async\" src=\"http:\/\/js-psychologue.fr\/wp-content\/uploads\/2021\/11\/Salle-dattente-1-576x1024.jpeg\" alt=\"\" class=\"wp-image-420\" width=\"197\" height=\"355\"\/><figcaption>Salle d&rsquo;attente<\/figcaption><\/figure>\n<\/div>\n<\/div>\n<\/div><\/div>\n\n\n\n<div class=\"wp-block-group\"><div class=\"wp-block-group__inner-container is-layout-flow wp-block-group-is-layout-flow\"><\/div><\/div>\n\n\n<p><!--\n<\/p--><\/p>\n\n\n<div style=\"height:100px\" aria-hidden=\"true\" class=\"wp-block-spacer\"><\/div>\n","protected":false},"excerpt":{"rendered":"<p>Emplacement Le cabinet est situ\u00e9 au 1 rue de l&rsquo;aiguillerie, en plein centre historique de Montpellier, au sein d&rsquo;un cabinet m\u00e9dical et param\u00e9dical. Sont d\u00e9j\u00e0 pr\u00e9sents trois psychiatres, une psychologue et un ost\u00e9opathe. Je partage ma pi\u00e8ce de consultation avec une autre psychologue. A pieds, il se trouve \u00e0 : 5 minutes de la place &hellip; <\/p>\n<p class=\"link-more\"><a href=\"https:\/\/js-psychologue.fr\/?page_id=25\" class=\"more-link\">Continuer la lecture<span class=\"screen-reader-text\"> de &laquo;&nbsp;Le cabinet&nbsp;&raquo;<\/span><\/a><\/p>\n","protected":false},"author":1,"featured_media":0,"parent":0,"menu_order":1,"comment_status":"closed","ping_status":"closed","template":"","meta":{"footnotes":""},"class_list":["post-25","page","type-page","status-publish","hentry"],"yoast_head":"<!-- This site is optimized with the Yoast SEO plugin v20.6 - https:\/\/yoast.com\/wordpress\/plugins\/seo\/ -->\n<title>Le cabinet - Julie SCOUPPE, Psychologue - psychoth\u00e9rapeute \u00e0 Montpellier<\/title>\n<meta name=\"description\" content=\"Julie SCOUPPE, psychologue clinicienne et psychoth\u00e9rapeute \u00e0 Montpellier (34), re\u00e7oit sur rendez-vous, enfants, adolescents et adultes\" \/>\n<meta name=\"robots\" content=\"index, follow, max-snippet:-1, max-image-preview:large, max-video-preview:-1\" \/>\n<link rel=\"canonical\" href=\"https:\/\/js-psychologue.fr\/?page_id=25\" \/>\n<meta property=\"og:locale\" content=\"fr_FR\" \/>\n<meta property=\"og:type\" content=\"article\" \/>\n<meta property=\"og:title\" content=\"Le cabinet - Julie SCOUPPE, Psychologue - psychoth\u00e9rapeute \u00e0 Montpellier\" \/>\n<meta property=\"og:description\" content=\"Julie SCOUPPE, psychologue clinicienne et psychoth\u00e9rapeute \u00e0 Montpellier (34), re\u00e7oit sur rendez-vous, enfants, adolescents et adultes\" \/>\n<meta property=\"og:url\" content=\"https:\/\/js-psychologue.fr\/?page_id=25\" \/>\n<meta property=\"og:site_name\" content=\"Julie SCOUPPE, Psychologue - psychoth\u00e9rapeute \u00e0 Montpellier\" \/>\n<meta property=\"article:modified_time\" content=\"2024-04-29T09:45:57+00:00\" \/>\n<meta property=\"og:image\" content=\"http:\/\/js-psychologue.fr\/wp-content\/uploads\/2021\/03\/Photo-cab-Montpellier-fenetre-576x1024.jpeg\" \/>\n<meta name=\"twitter:card\" content=\"summary_large_image\" \/>\n<meta name=\"twitter:label1\" content=\"Dur\u00e9e de lecture estim\u00e9e\" \/>\n\t<meta name=\"twitter:data1\" content=\"3 minutes\" \/>\n<script type=\"application\/ld+json\" class=\"yoast-schema-graph\">{\"@context\":\"https:\/\/schema.org\",\"@graph\":[{\"@type\":\"WebPage\",\"@id\":\"https:\/\/js-psychologue.fr\/?page_id=25\",\"url\":\"https:\/\/js-psychologue.fr\/?page_id=25\",\"name\":\"Le cabinet - Julie SCOUPPE, Psychologue - psychoth\u00e9rapeute \u00e0 Montpellier\",\"isPartOf\":{\"@id\":\"https:\/\/js-psychologue.fr\/#website\"},\"datePublished\":\"2017-12-18T18:04:10+00:00\",\"dateModified\":\"2024-04-29T09:45:57+00:00\",\"description\":\"Julie SCOUPPE, psychologue clinicienne et psychoth\u00e9rapeute \u00e0 Montpellier (34), re\u00e7oit sur rendez-vous, enfants, adolescents et adultes\",\"breadcrumb\":{\"@id\":\"https:\/\/js-psychologue.fr\/?page_id=25#breadcrumb\"},\"inLanguage\":\"fr-FR\",\"potentialAction\":[{\"@type\":\"ReadAction\",\"target\":[\"https:\/\/js-psychologue.fr\/?page_id=25\"]}]},{\"@type\":\"BreadcrumbList\",\"@id\":\"https:\/\/js-psychologue.fr\/?page_id=25#breadcrumb\",\"itemListElement\":[{\"@type\":\"ListItem\",\"position\":1,\"name\":\"Accueil\",\"item\":\"https:\/\/js-psychologue.fr\/\"},{\"@type\":\"ListItem\",\"position\":2,\"name\":\"Le cabinet\"}]},{\"@type\":\"WebSite\",\"@id\":\"https:\/\/js-psychologue.fr\/#website\",\"url\":\"https:\/\/js-psychologue.fr\/\",\"name\":\"Julie SCOUPPE, Psychologue - psychoth\u00e9rapeute \u00e0 Montpellier\",\"description\":\"&quot;L&#039;important n&#039;est pas ce que l&#039;on a fait de nous, mais ce que nous faisons nous-m\u00eames de ce que l&#039;on a fait de nous.&quot;                            Jean-Paul Sartre\",\"publisher\":{\"@id\":\"https:\/\/js-psychologue.fr\/#\/schema\/person\/5fc3895255d5fcb3465e8411814b7ed3\"},\"potentialAction\":[{\"@type\":\"SearchAction\",\"target\":{\"@type\":\"EntryPoint\",\"urlTemplate\":\"https:\/\/js-psychologue.fr\/?s={search_term_string}\"},\"query-input\":\"required name=search_term_string\"}],\"inLanguage\":\"fr-FR\"},{\"@type\":[\"Person\",\"Organization\"],\"@id\":\"https:\/\/js-psychologue.fr\/#\/schema\/person\/5fc3895255d5fcb3465e8411814b7ed3\",\"name\":\"Julie SCOUPPE\",\"image\":{\"@type\":\"ImageObject\",\"inLanguage\":\"fr-FR\",\"@id\":\"https:\/\/js-psychologue.fr\/#\/schema\/person\/image\/\",\"url\":\"https:\/\/secure.gravatar.com\/avatar\/a9f07b4df8c8333cf0ea12e9bda09622d8fbfcd4df7271b0e9aadc791ac7ce3c?s=96&d=mm&r=g\",\"contentUrl\":\"https:\/\/secure.gravatar.com\/avatar\/a9f07b4df8c8333cf0ea12e9bda09622d8fbfcd4df7271b0e9aadc791ac7ce3c?s=96&d=mm&r=g\",\"caption\":\"Julie SCOUPPE\"},\"logo\":{\"@id\":\"https:\/\/js-psychologue.fr\/#\/schema\/person\/image\/\"}}]}<\/script>\n<!-- \/ Yoast SEO plugin. -->","yoast_head_json":{"title":"Le cabinet - Julie SCOUPPE, Psychologue - psychoth\u00e9rapeute \u00e0 Montpellier","description":"Julie SCOUPPE, psychologue clinicienne et psychoth\u00e9rapeute \u00e0 Montpellier (34), re\u00e7oit sur rendez-vous, enfants, adolescents et adultes","robots":{"index":"index","follow":"follow","max-snippet":"max-snippet:-1","max-image-preview":"max-image-preview:large","max-video-preview":"max-video-preview:-1"},"canonical":"https:\/\/js-psychologue.fr\/?page_id=25","og_locale":"fr_FR","og_type":"article","og_title":"Le cabinet - Julie SCOUPPE, Psychologue - psychoth\u00e9rapeute \u00e0 Montpellier","og_description":"Julie SCOUPPE, psychologue clinicienne et psychoth\u00e9rapeute \u00e0 Montpellier (34), re\u00e7oit sur rendez-vous, enfants, adolescents et adultes","og_url":"https:\/\/js-psychologue.fr\/?page_id=25","og_site_name":"Julie SCOUPPE, Psychologue - psychoth\u00e9rapeute \u00e0 Montpellier","article_modified_time":"2024-04-29T09:45:57+00:00","og_image":[{"url":"http:\/\/js-psychologue.fr\/wp-content\/uploads\/2021\/03\/Photo-cab-Montpellier-fenetre-576x1024.jpeg"}],"twitter_card":"summary_large_image","twitter_misc":{"Dur\u00e9e de lecture estim\u00e9e":"3 minutes"},"schema":{"@context":"https:\/\/schema.org","@graph":[{"@type":"WebPage","@id":"https:\/\/js-psychologue.fr\/?page_id=25","url":"https:\/\/js-psychologue.fr\/?page_id=25","name":"Le cabinet - Julie SCOUPPE, Psychologue - psychoth\u00e9rapeute \u00e0 Montpellier","isPartOf":{"@id":"https:\/\/js-psychologue.fr\/#website"},"datePublished":"2017-12-18T18:04:10+00:00","dateModified":"2024-04-29T09:45:57+00:00","description":"Julie SCOUPPE, psychologue clinicienne et psychoth\u00e9rapeute \u00e0 Montpellier (34), re\u00e7oit sur rendez-vous, enfants, adolescents et adultes","breadcrumb":{"@id":"https:\/\/js-psychologue.fr\/?page_id=25#breadcrumb"},"inLanguage":"fr-FR","potentialAction":[{"@type":"ReadAction","target":["https:\/\/js-psychologue.fr\/?page_id=25"]}]},{"@type":"BreadcrumbList","@id":"https:\/\/js-psychologue.fr\/?page_id=25#breadcrumb","itemListElement":[{"@type":"ListItem","position":1,"name":"Accueil","item":"https:\/\/js-psychologue.fr\/"},{"@type":"ListItem","position":2,"name":"Le cabinet"}]},{"@type":"WebSite","@id":"https:\/\/js-psychologue.fr\/#website","url":"https:\/\/js-psychologue.fr\/","name":"Julie SCOUPPE, Psychologue - psychoth\u00e9rapeute \u00e0 Montpellier","description":"&quot;L&#039;important n&#039;est pas ce que l&#039;on a fait de nous, mais ce que nous faisons nous-m\u00eames de ce que l&#039;on a fait de nous.&quot;                            Jean-Paul Sartre","publisher":{"@id":"https:\/\/js-psychologue.fr\/#\/schema\/person\/5fc3895255d5fcb3465e8411814b7ed3"},"potentialAction":[{"@type":"SearchAction","target":{"@type":"EntryPoint","urlTemplate":"https:\/\/js-psychologue.fr\/?s={search_term_string}"},"query-input":"required name=search_term_string"}],"inLanguage":"fr-FR"},{"@type":["Person","Organization"],"@id":"https:\/\/js-psychologue.fr\/#\/schema\/person\/5fc3895255d5fcb3465e8411814b7ed3","name":"Julie SCOUPPE","image":{"@type":"ImageObject","inLanguage":"fr-FR","@id":"https:\/\/js-psychologue.fr\/#\/schema\/person\/image\/","url":"https:\/\/secure.gravatar.com\/avatar\/a9f07b4df8c8333cf0ea12e9bda09622d8fbfcd4df7271b0e9aadc791ac7ce3c?s=96&d=mm&r=g","contentUrl":"https:\/\/secure.gravatar.com\/avatar\/a9f07b4df8c8333cf0ea12e9bda09622d8fbfcd4df7271b0e9aadc791ac7ce3c?s=96&d=mm&r=g","caption":"Julie SCOUPPE"},"logo":{"@id":"https:\/\/js-psychologue.fr\/#\/schema\/person\/image\/"}}]}},"_links":{"self":[{"href":"https:\/\/js-psychologue.fr\/index.php?rest_route=\/wp\/v2\/pages\/25","targetHints":{"allow":["GET"]}}],"collection":[{"href":"https:\/\/js-psychologue.fr\/index.php?rest_route=\/wp\/v2\/pages"}],"about":[{"href":"https:\/\/js-psychologue.fr\/index.php?rest_route=\/wp\/v2\/types\/page"}],"author":[{"embeddable":true,"href":"https:\/\/js-psychologue.fr\/index.php?rest_route=\/wp\/v2\/users\/1"}],"replies":[{"embeddable":true,"href":"https:\/\/js-psychologue.fr\/index.php?rest_route=%2Fwp%2Fv2%2Fcomments&post=25"}],"version-history":[{"count":81,"href":"https:\/\/js-psychologue.fr\/index.php?rest_route=\/wp\/v2\/pages\/25\/revisions"}],"predecessor-version":[{"id":494,"href":"https:\/\/js-psychologue.fr\/index.php?rest_route=\/wp\/v2\/pages\/25\/revisions\/494"}],"wp:attachment":[{"href":"https:\/\/js-psychologue.fr\/index.php?rest_route=%2Fwp%2Fv2%2Fmedia&parent=25"}],"curies":[{"name":"wp","href":"https:\/\/api.w.org\/{rel}","templated":true}]}}