{"id":316,"date":"2021-03-07T15:16:40","date_gmt":"2021-03-07T14:16:40","guid":{"rendered":"http:\/\/js-psychologue.fr\/?page_id=316"},"modified":"2024-04-29T11:37:10","modified_gmt":"2024-04-29T09:37:10","slug":"le-cabinet","status":"publish","type":"page","link":"https:\/\/js-psychologue.fr\/?page_id=316","title":{"rendered":"Me contacter"},"content":{"rendered":"\n<h1 class=\"wp-block-heading\">Prendre rendez-vous<\/h1>\n\n\n\n<p><\/p>\n\n\n\n<p><strong>Actuellement en cong\u00e9 maternit\u00e9 jusqu&rsquo;en septembre 2024, je vous invite \u00e0 contacter d&rsquo;autres coll\u00e8gues psychologues pour toute demande de consultation. Merci de votre compr\u00e9hension.<\/strong><\/p>\n\n\n\n<p>Je re\u00e7ois sur rendez-vous uniquement. Je propose des consultations en pr\u00e9sentiel mais \u00e9galement en visio via ma page Doctolib. Cette possibilit\u00e9 vous permet de ne pas vous d\u00e9placer et ainsi de ne pas perdre de temps dans les transports ou \u00e0 chercher une place de stationnement. De plus, nous n&rsquo;avons pas besoin d&rsquo;\u00eatre dans la m\u00eame r\u00e9gion ou le m\u00eame pays afin de r\u00e9aliser une psychoth\u00e9rapie. <\/p>\n\n\n\n<p><a style=\"color:#1d9ceb;font-size:17px\" href=\"https:\/\/www.doctolib.fr\/psychologue\/asnieres-sur-seine\/julie-scouppe\">Vous pouvez prendre directement rendez-vous en ligne sur ma page Doctolib en cliquant ici.<\/a><\/p>\n\n\n\n<p>Je suis \u00e9galement joignable au <a style=\"color:#1d9ceb;font-size:17px\" href=\"tel:+33620380647\" target=\"_blank\" rel=\"noreferrer noopener\">06 20 38 06 47<\/a> ou par email \u00e0 <a href=\"mailto:julie.scouppe@proton.me\" target=\"_blank\" rel=\"noreferrer noopener\">julie.scouppe@proton.me<\/a><\/p>\n\n\n\n<p><\/p>\n\n\n\n<p><\/p>\n\n\n\n<p>Je suis par ailleurs dans l&rsquo;annuaire du forum des professions lib\u00e9rales : <a href=\"https:\/\/forum-des-professions-liberales.fr\/annuaire\/psychologue\/occitanie\/montpellier\/psychologue-psychotherapeute\/\">https:\/\/forum-des-professions-liberales.fr\/annuaire\/psychologue\/occitanie\/montpellier\/psychologue-psychotherapeute\/<\/a><\/p>\n\n\n\n<p>Vous pouvez \u00e9galement me suivre sur ma page Facebook : Julie SCOUPPE &#8211; Psychologue<\/p>\n\n\n\n<p>Et sur mon compte Instagram : julie.scouppe_psychologue<\/p>\n","protected":false},"excerpt":{"rendered":"<p>Prendre rendez-vous Actuellement en cong\u00e9 maternit\u00e9 jusqu&rsquo;en septembre 2024, je vous invite \u00e0 contacter d&rsquo;autres coll\u00e8gues psychologues pour toute demande de consultation. Merci de votre compr\u00e9hension. Je re\u00e7ois sur rendez-vous uniquement. Je propose des consultations en pr\u00e9sentiel mais \u00e9galement en visio via ma page Doctolib. Cette possibilit\u00e9 vous permet de ne pas vous d\u00e9placer et &hellip; <\/p>\n<p class=\"link-more\"><a href=\"https:\/\/js-psychologue.fr\/?page_id=316\" class=\"more-link\">Continuer la lecture<span class=\"screen-reader-text\"> de &laquo;&nbsp;Me contacter&nbsp;&raquo;<\/span><\/a><\/p>\n","protected":false},"author":1,"featured_media":0,"parent":0,"menu_order":0,"comment_status":"closed","ping_status":"closed","template":"","meta":{"footnotes":""},"class_list":["post-316","page","type-page","status-publish","hentry"],"yoast_head":"<!-- This site is optimized with the Yoast SEO plugin v20.6 - https:\/\/yoast.com\/wordpress\/plugins\/seo\/ -->\n<title>Me contacter - Julie SCOUPPE, Psychologue - psychoth\u00e9rapeute \u00e0 Montpellier<\/title>\n<meta name=\"description\" content=\"Contact Julie SCOUPPE psychologue \u00e0 Montpellier - RDV - Doctolib\" \/>\n<meta name=\"robots\" content=\"index, follow, max-snippet:-1, max-image-preview:large, max-video-preview:-1\" \/>\n<link rel=\"canonical\" href=\"https:\/\/js-psychologue.fr\/?page_id=316\" \/>\n<meta property=\"og:locale\" content=\"fr_FR\" \/>\n<meta property=\"og:type\" content=\"article\" \/>\n<meta property=\"og:title\" content=\"Me contacter - Julie SCOUPPE, Psychologue - psychoth\u00e9rapeute \u00e0 Montpellier\" \/>\n<meta property=\"og:description\" content=\"Contact Julie SCOUPPE psychologue \u00e0 Montpellier - RDV - Doctolib\" \/>\n<meta property=\"og:url\" content=\"https:\/\/js-psychologue.fr\/?page_id=316\" \/>\n<meta property=\"og:site_name\" content=\"Julie SCOUPPE, Psychologue - psychoth\u00e9rapeute \u00e0 Montpellier\" \/>\n<meta property=\"article:modified_time\" content=\"2024-04-29T09:37:10+00:00\" \/>\n<meta name=\"twitter:card\" content=\"summary_large_image\" \/>\n<meta name=\"twitter:label1\" content=\"Dur\u00e9e de lecture estim\u00e9e\" \/>\n\t<meta name=\"twitter:data1\" content=\"1 minute\" \/>\n<script type=\"application\/ld+json\" class=\"yoast-schema-graph\">{\"@context\":\"https:\/\/schema.org\",\"@graph\":[{\"@type\":\"WebPage\",\"@id\":\"https:\/\/js-psychologue.fr\/?page_id=316\",\"url\":\"https:\/\/js-psychologue.fr\/?page_id=316\",\"name\":\"Me contacter - Julie SCOUPPE, Psychologue - psychoth\u00e9rapeute \u00e0 Montpellier\",\"isPartOf\":{\"@id\":\"https:\/\/js-psychologue.fr\/#website\"},\"datePublished\":\"2021-03-07T14:16:40+00:00\",\"dateModified\":\"2024-04-29T09:37:10+00:00\",\"description\":\"Contact Julie SCOUPPE psychologue \u00e0 Montpellier - RDV - Doctolib\",\"breadcrumb\":{\"@id\":\"https:\/\/js-psychologue.fr\/?page_id=316#breadcrumb\"},\"inLanguage\":\"fr-FR\",\"potentialAction\":[{\"@type\":\"ReadAction\",\"target\":[\"https:\/\/js-psychologue.fr\/?page_id=316\"]}]},{\"@type\":\"BreadcrumbList\",\"@id\":\"https:\/\/js-psychologue.fr\/?page_id=316#breadcrumb\",\"itemListElement\":[{\"@type\":\"ListItem\",\"position\":1,\"name\":\"Accueil\",\"item\":\"https:\/\/js-psychologue.fr\/\"},{\"@type\":\"ListItem\",\"position\":2,\"name\":\"Me contacter\"}]},{\"@type\":\"WebSite\",\"@id\":\"https:\/\/js-psychologue.fr\/#website\",\"url\":\"https:\/\/js-psychologue.fr\/\",\"name\":\"Julie SCOUPPE, Psychologue - psychoth\u00e9rapeute \u00e0 Montpellier\",\"description\":\"&quot;L&#039;important n&#039;est pas ce que l&#039;on a fait de nous, mais ce que nous faisons nous-m\u00eames de ce que l&#039;on a fait de nous.&quot;                            Jean-Paul Sartre\",\"publisher\":{\"@id\":\"https:\/\/js-psychologue.fr\/#\/schema\/person\/5fc3895255d5fcb3465e8411814b7ed3\"},\"potentialAction\":[{\"@type\":\"SearchAction\",\"target\":{\"@type\":\"EntryPoint\",\"urlTemplate\":\"https:\/\/js-psychologue.fr\/?s={search_term_string}\"},\"query-input\":\"required name=search_term_string\"}],\"inLanguage\":\"fr-FR\"},{\"@type\":[\"Person\",\"Organization\"],\"@id\":\"https:\/\/js-psychologue.fr\/#\/schema\/person\/5fc3895255d5fcb3465e8411814b7ed3\",\"name\":\"Julie SCOUPPE\",\"image\":{\"@type\":\"ImageObject\",\"inLanguage\":\"fr-FR\",\"@id\":\"https:\/\/js-psychologue.fr\/#\/schema\/person\/image\/\",\"url\":\"https:\/\/secure.gravatar.com\/avatar\/a9f07b4df8c8333cf0ea12e9bda09622d8fbfcd4df7271b0e9aadc791ac7ce3c?s=96&d=mm&r=g\",\"contentUrl\":\"https:\/\/secure.gravatar.com\/avatar\/a9f07b4df8c8333cf0ea12e9bda09622d8fbfcd4df7271b0e9aadc791ac7ce3c?s=96&d=mm&r=g\",\"caption\":\"Julie SCOUPPE\"},\"logo\":{\"@id\":\"https:\/\/js-psychologue.fr\/#\/schema\/person\/image\/\"}}]}<\/script>\n<!-- \/ Yoast SEO plugin. -->","yoast_head_json":{"title":"Me contacter - Julie SCOUPPE, Psychologue - psychoth\u00e9rapeute \u00e0 Montpellier","description":"Contact Julie SCOUPPE psychologue \u00e0 Montpellier - RDV - Doctolib","robots":{"index":"index","follow":"follow","max-snippet":"max-snippet:-1","max-image-preview":"max-image-preview:large","max-video-preview":"max-video-preview:-1"},"canonical":"https:\/\/js-psychologue.fr\/?page_id=316","og_locale":"fr_FR","og_type":"article","og_title":"Me contacter - Julie SCOUPPE, Psychologue - psychoth\u00e9rapeute \u00e0 Montpellier","og_description":"Contact Julie SCOUPPE psychologue \u00e0 Montpellier - RDV - Doctolib","og_url":"https:\/\/js-psychologue.fr\/?page_id=316","og_site_name":"Julie SCOUPPE, Psychologue - psychoth\u00e9rapeute \u00e0 Montpellier","article_modified_time":"2024-04-29T09:37:10+00:00","twitter_card":"summary_large_image","twitter_misc":{"Dur\u00e9e de lecture estim\u00e9e":"1 minute"},"schema":{"@context":"https:\/\/schema.org","@graph":[{"@type":"WebPage","@id":"https:\/\/js-psychologue.fr\/?page_id=316","url":"https:\/\/js-psychologue.fr\/?page_id=316","name":"Me contacter - Julie SCOUPPE, Psychologue - psychoth\u00e9rapeute \u00e0 Montpellier","isPartOf":{"@id":"https:\/\/js-psychologue.fr\/#website"},"datePublished":"2021-03-07T14:16:40+00:00","dateModified":"2024-04-29T09:37:10+00:00","description":"Contact Julie SCOUPPE psychologue \u00e0 Montpellier - RDV - Doctolib","breadcrumb":{"@id":"https:\/\/js-psychologue.fr\/?page_id=316#breadcrumb"},"inLanguage":"fr-FR","potentialAction":[{"@type":"ReadAction","target":["https:\/\/js-psychologue.fr\/?page_id=316"]}]},{"@type":"BreadcrumbList","@id":"https:\/\/js-psychologue.fr\/?page_id=316#breadcrumb","itemListElement":[{"@type":"ListItem","position":1,"name":"Accueil","item":"https:\/\/js-psychologue.fr\/"},{"@type":"ListItem","position":2,"name":"Me contacter"}]},{"@type":"WebSite","@id":"https:\/\/js-psychologue.fr\/#website","url":"https:\/\/js-psychologue.fr\/","name":"Julie SCOUPPE, Psychologue - psychoth\u00e9rapeute \u00e0 Montpellier","description":"&quot;L&#039;important n&#039;est pas ce que l&#039;on a fait de nous, mais ce que nous faisons nous-m\u00eames de ce que l&#039;on a fait de nous.&quot;                            Jean-Paul Sartre","publisher":{"@id":"https:\/\/js-psychologue.fr\/#\/schema\/person\/5fc3895255d5fcb3465e8411814b7ed3"},"potentialAction":[{"@type":"SearchAction","target":{"@type":"EntryPoint","urlTemplate":"https:\/\/js-psychologue.fr\/?s={search_term_string}"},"query-input":"required name=search_term_string"}],"inLanguage":"fr-FR"},{"@type":["Person","Organization"],"@id":"https:\/\/js-psychologue.fr\/#\/schema\/person\/5fc3895255d5fcb3465e8411814b7ed3","name":"Julie SCOUPPE","image":{"@type":"ImageObject","inLanguage":"fr-FR","@id":"https:\/\/js-psychologue.fr\/#\/schema\/person\/image\/","url":"https:\/\/secure.gravatar.com\/avatar\/a9f07b4df8c8333cf0ea12e9bda09622d8fbfcd4df7271b0e9aadc791ac7ce3c?s=96&d=mm&r=g","contentUrl":"https:\/\/secure.gravatar.com\/avatar\/a9f07b4df8c8333cf0ea12e9bda09622d8fbfcd4df7271b0e9aadc791ac7ce3c?s=96&d=mm&r=g","caption":"Julie SCOUPPE"},"logo":{"@id":"https:\/\/js-psychologue.fr\/#\/schema\/person\/image\/"}}]}},"_links":{"self":[{"href":"https:\/\/js-psychologue.fr\/index.php?rest_route=\/wp\/v2\/pages\/316","targetHints":{"allow":["GET"]}}],"collection":[{"href":"https:\/\/js-psychologue.fr\/index.php?rest_route=\/wp\/v2\/pages"}],"about":[{"href":"https:\/\/js-psychologue.fr\/index.php?rest_route=\/wp\/v2\/types\/page"}],"author":[{"embeddable":true,"href":"https:\/\/js-psychologue.fr\/index.php?rest_route=\/wp\/v2\/users\/1"}],"replies":[{"embeddable":true,"href":"https:\/\/js-psychologue.fr\/index.php?rest_route=%2Fwp%2Fv2%2Fcomments&post=316"}],"version-history":[{"count":26,"href":"https:\/\/js-psychologue.fr\/index.php?rest_route=\/wp\/v2\/pages\/316\/revisions"}],"predecessor-version":[{"id":488,"href":"https:\/\/js-psychologue.fr\/index.php?rest_route=\/wp\/v2\/pages\/316\/revisions\/488"}],"wp:attachment":[{"href":"https:\/\/js-psychologue.fr\/index.php?rest_route=%2Fwp%2Fv2%2Fmedia&parent=316"}],"curies":[{"name":"wp","href":"https:\/\/api.w.org\/{rel}","templated":true}]}}