{"id":377,"date":"2021-03-25T10:59:23","date_gmt":"2021-03-25T09:59:23","guid":{"rendered":"http:\/\/js-psychologue.fr\/?page_id=377"},"modified":"2026-01-22T16:44:15","modified_gmt":"2026-01-22T15:44:15","slug":"quelques-articles-en-references","status":"publish","type":"page","link":"https:\/\/js-psychologue.fr\/?page_id=377","title":{"rendered":"Interviewes"},"content":{"rendered":"\n<ul class=\"wp-block-list\">\n<li>L&rsquo;importance du doudou chez les enfants : <a href=\"https:\/\/www.femmeactuelle.fr\/enfant\/enfants\/mon-enfant-est-accro-a-son-doudou-faut-il-laider-a-sen-detacher-2087947\" target=\"_blank\" rel=\"noreferrer noopener\">https:\/\/www.femmeactuelle.fr\/enfant\/enfants\/mon-enfant-est-accro-a-son-doudou-faut-il-laider-a-sen-detacher-2087947<\/a><\/li>\n<\/ul>\n\n\n\n<ul class=\"wp-block-list\">\n<li>La place dans la fratrie : <a href=\"https:\/\/www.femmeactuelle.fr\/enfant\/enfants\/aine-cadet-benjamin-la-place-dans-une-fratrie-a-t-elle-un-impact-sur-la-personnalite-dun-enfant-2091578\" target=\"_blank\" rel=\"noreferrer noopener\">https:\/\/www.femmeactuelle.fr\/enfant\/enfants\/aine-cadet-benjamin-la-place-dans-une-fratrie-a-t-elle-un-impact-sur-la-personnalite-dun-enfant-2091578<\/a><\/li>\n<\/ul>\n\n\n\n<ul class=\"wp-block-list\">\n<li>Les parents toxiques : <a href=\"https:\/\/www.femmeactuelle.fr\/sante\/psycho\/comment-reconnaitre-un-parent-toxique-2087345\" target=\"_blank\" rel=\"noreferrer noopener\">https:\/\/www.femmeactuelle.fr\/sante\/psycho\/comment-reconnaitre-un-parent-toxique-2087345<\/a><\/li>\n<\/ul>\n\n\n\n<ul class=\"wp-block-list\">\n<li>Le syndrome du sauveur : <a href=\"https:\/\/www.femmeactuelle.fr\/sante\/psycho\/syndrome-du-sauveur-dou-vient-ce-besoin-constant-daider-les-autres-2094999\" target=\"_blank\" rel=\"noreferrer noopener\">https:\/\/www.femmeactuelle.fr\/sante\/psycho\/syndrome-du-sauveur-dou-vient-ce-besoin-constant-daider-les-autres-2094999<\/a><\/li>\n<\/ul>\n\n\n\n<ul class=\"wp-block-list\">\n<li>Les parents \u00ab\u00a0h\u00e9licopt\u00e8res\u00a0\u00bb : <a href=\"https:\/\/www.journaldesfemmes.fr\/maman\/guide-des-parents\/2696471-parent-helicoptere\/\" target=\"_blank\" rel=\"noreferrer noopener\">https:\/\/www.journaldesfemmes.fr\/maman\/guide-des-parents\/2696471-parent-helicoptere\/<\/a><\/li>\n<\/ul>\n\n\n\n<p><\/p>\n\n\n\n<ul class=\"wp-block-list\">\n<li>Le \u00ab\u00a0terrible two\u00a0\u00bb, ou la crise des deux ans : <a href=\"https:\/\/www.femmeactuelle.fr\/enfant\/enfants\/terrible-two-4-astuces-pour-gerer-la-crise-des-deux-ans-2112127\" target=\"_blank\" rel=\"noreferrer noopener\">https:\/\/www.femmeactuelle.fr\/enfant\/enfants\/terrible-two-4-astuces-pour-gerer-la-crise-des-deux-ans-2112127<\/a> <\/li>\n<\/ul>\n\n\n\n<p><\/p>\n\n\n\n<ul class=\"wp-block-list\">\n<li>Le mental des fran\u00e7ais apr\u00e8s 1 an de COVID : <a href=\"https:\/\/www.lefigaro.fr\/sciences\/les-francais-secoues-dans-leur-sante-mentale-20210402\" target=\"_blank\" rel=\"noreferrer noopener\">https:\/\/www.lefigaro.fr\/sciences\/les-francais-secoues-dans-leur-sante-mentale-20210402<\/a><\/li>\n<\/ul>\n\n\n\n<p><\/p>\n\n\n\n<ul class=\"wp-block-list\">\n<li>La podophobie : <a href=\"https:\/\/www.femmeactuelle.fr\/sante\/sante-pratique\/phobie-des-pieds-comment-traiter-la-podophobie-2119385\" target=\"_blank\" rel=\"noreferrer noopener\">https:\/\/www.femmeactuelle.fr\/sante\/sante-pratique\/phobie-des-pieds-comment-traiter-la-podophobie-2119385<\/a><\/li>\n<\/ul>\n\n\n\n<p><\/p>\n\n\n\n<ul class=\"wp-block-list\">\n<li>Les bancs de l&rsquo;amiti\u00e9 dans les \u00e9coles : <a href=\"https:\/\/www.20minutes.fr\/societe\/4008884-20221109-quoi-bancs-amitie-fleurissent-cours-recre\">https:\/\/www.20minutes.fr\/societe\/4008884-20221109-quoi-bancs-amitie-fleurissent-cours-recre<\/a><\/li>\n<\/ul>\n\n\n\n<ul class=\"wp-block-list\">\n<li>Le dispositif Mon Psy :<a href=\"https:\/\/www.femmeactuelle.fr\/sante\/psycho\/psychologue-gratuit-les-conditions-pour-beneficier-de-consultations-entierement-remboursees-2142913\" target=\"_blank\" rel=\"noreferrer noopener\"> https:\/\/www.femmeactuelle.fr\/sante\/psycho\/psychologue-gratuit-les-conditions-pour-beneficier-de-consultations-entierement-remboursees-2142913<\/a><\/li>\n<\/ul>\n\n\n\n<ul class=\"wp-block-list\">\n<li>Les TOC chez les enfants : <a href=\"https:\/\/www.femmeactuelle.fr\/sante\/sante-pratique\/trouble-obsessionnel-compulsif-chez-lenfant-les-symptomes-qui-doivent-pousser-a-consulter-2149043\" target=\"_blank\" rel=\"noreferrer noopener\">https:\/\/www.femmeactuelle.fr\/sante\/sante-pratique\/trouble-obsessionnel-compulsif-chez-lenfant-les-symptomes-qui-doivent-pousser-a-consulter-2149043<\/a><\/li>\n<\/ul>\n\n\n\n<ul class=\"wp-block-list\">\n<li>La g\u00e9olocalisation des enfants \/ adolescents : <a href=\"https:\/\/www.pourquoidocteur.fr\/index.php?op=ArticleFront&amp;action=showArticle&amp;id=45258\" target=\"_blank\" rel=\"noreferrer noopener\">https:\/\/www.pourquoidocteur.fr\/index.php?op=ArticleFront&amp;action=showArticle&amp;id=45258<\/a><\/li>\n<\/ul>\n\n\n\n<p><\/p>\n\n\n\n<ul class=\"wp-block-list\">\n<li>L&rsquo;impact de la solitude sur la sant\u00e9 : <a href=\"https:\/\/www.midilibre.fr\/2023\/11\/29\/quel-impact-la-solitude-a-t-elle-sur-la-sante-quand-sen-inquieter-et-comment-sen-sortir-les-conseils-de-deux-expertes-11600008.php\" target=\"_blank\" rel=\"noreferrer noopener\">https:\/\/www.midilibre.fr\/2023\/11\/29\/quel-impact-la-solitude-a-t-elle-sur-la-sante-quand-sen-inquieter-et-comment-sen-sortir-les-conseils-de-deux-expertes-11600008.php<\/a><\/li>\n<\/ul>\n\n\n\n<p><\/p>\n\n\n\n<ul class=\"wp-block-list\">\n<li>Parent malade : faut-il en parler \u00e0 son enfant ? : <a href=\"https:\/\/www.pourquoidocteur.fr\/index.php?op=ArticleFront&amp;action=showArticle&amp;id=46508\" target=\"_blank\" rel=\"noreferrer noopener\">https:\/\/www.pourquoidocteur.fr\/index.php?op=ArticleFront&amp;action=showArticle&amp;id=46508<\/a><\/li>\n<\/ul>\n\n\n\n<p><\/p>\n\n\n\n<ul class=\"wp-block-list\">\n<li>L&rsquo;int\u00e9r\u00eat du journal intime :<a href=\" https:\/\/www.parents.fr\/etre-parent\/maman\/psycho-maman\/journal-intime-pourquoi-est-ce-interessant-decrire-a-lage-adulte-1104948\"> https:\/\/www.parents.fr\/etre-parent\/maman\/psycho-maman\/journal-intime-pourquoi-est-ce-interessant-decrire-a-lage-adulte-1104948<\/a><\/li>\n<\/ul>\n\n\n\n<p><\/p>\n\n\n\n<ul class=\"wp-block-list\">\n<li>La peur du p\u00e8re No\u00ebl chez les enfants : <a href=\"https:\/\/www.parents.fr\/bebe\/psycho\/les-peurs-de-bebe\/peur-du-pere-noel-comment-reagir-1106838\" target=\"_blank\" rel=\"noreferrer noopener\">https:\/\/www.parents.fr\/bebe\/psycho\/les-peurs-de-bebe\/peur-du-pere-noel-comment-reagir-1106838<\/a><\/li>\n<\/ul>\n\n\n\n<p><\/p>\n\n\n\n<ul class=\"wp-block-list\">\n<li>Renforcement positif : un levier b\u00e9n\u00e9fique pour aider l&rsquo;enfant \u00e0 grandir :<a href=\" https:\/\/www.parents.fr\/enfant\/psycho\/aider-son-enfant-a-progresser\/renforcement-positif-un-levier-benefique-pour-aider-lenfant-a-grandir-1141432\"> https:\/\/www.parents.fr\/enfant\/psycho\/aider-son-enfant-a-progresser\/renforcement-positif-un-levier-benefique-pour-aider-lenfant-a-grandir-1141432<\/a><\/li>\n<\/ul>\n\n\n\n<p><\/p>\n\n\n\n<ul class=\"wp-block-list\">\n<li>Enfant en souffrance psychologique : quels sont les signes&nbsp;? : <a href=\"https:\/\/www.parents.fr\/enfant\/psycho\/mieux-comprendre-mon-enfant\/quels-sont-les-signes-a-reconnaitre-en-cas-de-souffrance-psychologique-chez-lenfant-ou-ladolescent-1141436\">https:\/\/www.parents.fr\/enfant\/psycho\/mieux-comprendre-mon-enfant\/quels-sont-les-signes-a-reconnaitre-en-cas-de-souffrance-psychologique-chez-lenfant-ou-ladolescent-1141436<\/a><\/li>\n<\/ul>\n\n\n\n<p><\/p>\n\n\n\n<ul class=\"wp-block-list\">\n<li>Que faire si j&rsquo;ai l&rsquo;impression que mon enfant ne m&rsquo;aime pas&nbsp;? : <a href=\"https:\/\/www.parents.fr\/etre-parent\/famille\/psycho-famille\/que-faire-si-jai-limpression-que-mon-enfant-ne-maime-pas-1141439\">https:\/\/www.parents.fr\/etre-parent\/famille\/psycho-famille\/que-faire-si-jai-limpression-que-mon-enfant-ne-maime-pas-1141439<\/a><\/li>\n<\/ul>\n\n\n\n<p><\/p>\n\n\n\n<ul class=\"wp-block-list\">\n<li>\u00ab\u00a0Je redoute les r\u00e9unions de famille\u00a0\u00bb: comment r\u00e9agir lorsque No\u00ebl ravive les tensions ? : <a href=\"https:\/\/www.femmeactuelle.fr\/sante\/psycho\/je-redoute-les-reunions-de-famille-comment-reagir-quand-noel-ravive-les-tensions-les-conseils-d-une-psy-2202448\">https:\/\/www.femmeactuelle.fr\/sante\/psycho\/je-redoute-les-reunions-de-famille-comment-reagir-quand-noel-ravive-les-tensions-les-conseils-d-une-psy-2202448<\/a><\/li>\n<\/ul>\n\n\n\n<p><\/p>\n\n\n\n<ul class=\"wp-block-list\">\n<li>Aider son enfant \u00e0 surmonter une rupture amicale : <a href=\"https:\/\/www.parents.fr\/enfant\/psycho\/emotions-de-l-enfant\/apprendre-a-gerer-ses-emotions\/comment-aider-mon-enfant-a-surmonter-une-rupture-amicale-1145769\">https:\/\/www.parents.fr\/enfant\/psycho\/emotions-de-l-enfant\/apprendre-a-gerer-ses-emotions\/comment-aider-mon-enfant-a-surmonter-une-rupture-amicale-1145769<\/a><\/li>\n<\/ul>\n\n\n\n<p><\/p>\n\n\n\n<ul class=\"wp-block-list\">\n<li>PODCAST Spotify : \u00e9quilibre entre vie \u00e9tudiante et vie personnelle : <a href=\"https:\/\/open.spotify.com\/episode\/24jwPOYGKspQE4CAisjjSV\" target=\"_blank\" rel=\"noreferrer noopener\">https:\/\/open.spotify.com\/episode\/24jwPOYGKspQE4CAisjjSV<\/a><\/li>\n<\/ul>\n\n\n\n<p><\/p>\n","protected":false},"excerpt":{"rendered":"","protected":false},"author":1,"featured_media":0,"parent":0,"menu_order":5,"comment_status":"closed","ping_status":"closed","template":"","meta":{"footnotes":""},"class_list":["post-377","page","type-page","status-publish","hentry"],"yoast_head":"<!-- This site is optimized with the Yoast SEO plugin v20.6 - https:\/\/yoast.com\/wordpress\/plugins\/seo\/ -->\n<title>Interviewes - Julie SCOUPPE, Psychologue - psychoth\u00e9rapeute \u00e0 Montpellier<\/title>\n<meta name=\"robots\" content=\"index, follow, max-snippet:-1, max-image-preview:large, max-video-preview:-1\" \/>\n<link rel=\"canonical\" href=\"https:\/\/js-psychologue.fr\/?page_id=377\" \/>\n<meta property=\"og:locale\" content=\"fr_FR\" \/>\n<meta property=\"og:type\" content=\"article\" \/>\n<meta property=\"og:title\" content=\"Interviewes - Julie SCOUPPE, Psychologue - psychoth\u00e9rapeute \u00e0 Montpellier\" \/>\n<meta property=\"og:url\" content=\"https:\/\/js-psychologue.fr\/?page_id=377\" \/>\n<meta property=\"og:site_name\" content=\"Julie SCOUPPE, Psychologue - psychoth\u00e9rapeute \u00e0 Montpellier\" \/>\n<meta property=\"article:modified_time\" content=\"2026-01-22T15:44:15+00:00\" \/>\n<meta name=\"twitter:card\" content=\"summary_large_image\" \/>\n<meta name=\"twitter:label1\" content=\"Dur\u00e9e de lecture estim\u00e9e\" \/>\n\t<meta name=\"twitter:data1\" content=\"1 minute\" \/>\n<script type=\"application\/ld+json\" class=\"yoast-schema-graph\">{\"@context\":\"https:\/\/schema.org\",\"@graph\":[{\"@type\":\"WebPage\",\"@id\":\"https:\/\/js-psychologue.fr\/?page_id=377\",\"url\":\"https:\/\/js-psychologue.fr\/?page_id=377\",\"name\":\"Interviewes - Julie SCOUPPE, Psychologue - psychoth\u00e9rapeute \u00e0 Montpellier\",\"isPartOf\":{\"@id\":\"https:\/\/js-psychologue.fr\/#website\"},\"datePublished\":\"2021-03-25T09:59:23+00:00\",\"dateModified\":\"2026-01-22T15:44:15+00:00\",\"breadcrumb\":{\"@id\":\"https:\/\/js-psychologue.fr\/?page_id=377#breadcrumb\"},\"inLanguage\":\"fr-FR\",\"potentialAction\":[{\"@type\":\"ReadAction\",\"target\":[\"https:\/\/js-psychologue.fr\/?page_id=377\"]}]},{\"@type\":\"BreadcrumbList\",\"@id\":\"https:\/\/js-psychologue.fr\/?page_id=377#breadcrumb\",\"itemListElement\":[{\"@type\":\"ListItem\",\"position\":1,\"name\":\"Accueil\",\"item\":\"https:\/\/js-psychologue.fr\/\"},{\"@type\":\"ListItem\",\"position\":2,\"name\":\"Interviewes\"}]},{\"@type\":\"WebSite\",\"@id\":\"https:\/\/js-psychologue.fr\/#website\",\"url\":\"https:\/\/js-psychologue.fr\/\",\"name\":\"Julie SCOUPPE, Psychologue - psychoth\u00e9rapeute \u00e0 Montpellier\",\"description\":\"&quot;L&#039;important n&#039;est pas ce que l&#039;on a fait de nous, mais ce que nous faisons nous-m\u00eames de ce que l&#039;on a fait de nous.&quot;                            Jean-Paul Sartre\",\"publisher\":{\"@id\":\"https:\/\/js-psychologue.fr\/#\/schema\/person\/5fc3895255d5fcb3465e8411814b7ed3\"},\"potentialAction\":[{\"@type\":\"SearchAction\",\"target\":{\"@type\":\"EntryPoint\",\"urlTemplate\":\"https:\/\/js-psychologue.fr\/?s={search_term_string}\"},\"query-input\":\"required name=search_term_string\"}],\"inLanguage\":\"fr-FR\"},{\"@type\":[\"Person\",\"Organization\"],\"@id\":\"https:\/\/js-psychologue.fr\/#\/schema\/person\/5fc3895255d5fcb3465e8411814b7ed3\",\"name\":\"Julie SCOUPPE\",\"image\":{\"@type\":\"ImageObject\",\"inLanguage\":\"fr-FR\",\"@id\":\"https:\/\/js-psychologue.fr\/#\/schema\/person\/image\/\",\"url\":\"https:\/\/secure.gravatar.com\/avatar\/a9f07b4df8c8333cf0ea12e9bda09622d8fbfcd4df7271b0e9aadc791ac7ce3c?s=96&d=mm&r=g\",\"contentUrl\":\"https:\/\/secure.gravatar.com\/avatar\/a9f07b4df8c8333cf0ea12e9bda09622d8fbfcd4df7271b0e9aadc791ac7ce3c?s=96&d=mm&r=g\",\"caption\":\"Julie SCOUPPE\"},\"logo\":{\"@id\":\"https:\/\/js-psychologue.fr\/#\/schema\/person\/image\/\"}}]}<\/script>\n<!-- \/ Yoast SEO plugin. -->","yoast_head_json":{"title":"Interviewes - Julie SCOUPPE, Psychologue - psychoth\u00e9rapeute \u00e0 Montpellier","robots":{"index":"index","follow":"follow","max-snippet":"max-snippet:-1","max-image-preview":"max-image-preview:large","max-video-preview":"max-video-preview:-1"},"canonical":"https:\/\/js-psychologue.fr\/?page_id=377","og_locale":"fr_FR","og_type":"article","og_title":"Interviewes - Julie SCOUPPE, Psychologue - psychoth\u00e9rapeute \u00e0 Montpellier","og_url":"https:\/\/js-psychologue.fr\/?page_id=377","og_site_name":"Julie SCOUPPE, Psychologue - psychoth\u00e9rapeute \u00e0 Montpellier","article_modified_time":"2026-01-22T15:44:15+00:00","twitter_card":"summary_large_image","twitter_misc":{"Dur\u00e9e de lecture estim\u00e9e":"1 minute"},"schema":{"@context":"https:\/\/schema.org","@graph":[{"@type":"WebPage","@id":"https:\/\/js-psychologue.fr\/?page_id=377","url":"https:\/\/js-psychologue.fr\/?page_id=377","name":"Interviewes - Julie SCOUPPE, Psychologue - psychoth\u00e9rapeute \u00e0 Montpellier","isPartOf":{"@id":"https:\/\/js-psychologue.fr\/#website"},"datePublished":"2021-03-25T09:59:23+00:00","dateModified":"2026-01-22T15:44:15+00:00","breadcrumb":{"@id":"https:\/\/js-psychologue.fr\/?page_id=377#breadcrumb"},"inLanguage":"fr-FR","potentialAction":[{"@type":"ReadAction","target":["https:\/\/js-psychologue.fr\/?page_id=377"]}]},{"@type":"BreadcrumbList","@id":"https:\/\/js-psychologue.fr\/?page_id=377#breadcrumb","itemListElement":[{"@type":"ListItem","position":1,"name":"Accueil","item":"https:\/\/js-psychologue.fr\/"},{"@type":"ListItem","position":2,"name":"Interviewes"}]},{"@type":"WebSite","@id":"https:\/\/js-psychologue.fr\/#website","url":"https:\/\/js-psychologue.fr\/","name":"Julie SCOUPPE, Psychologue - psychoth\u00e9rapeute \u00e0 Montpellier","description":"&quot;L&#039;important n&#039;est pas ce que l&#039;on a fait de nous, mais ce que nous faisons nous-m\u00eames de ce que l&#039;on a fait de nous.&quot;                            Jean-Paul Sartre","publisher":{"@id":"https:\/\/js-psychologue.fr\/#\/schema\/person\/5fc3895255d5fcb3465e8411814b7ed3"},"potentialAction":[{"@type":"SearchAction","target":{"@type":"EntryPoint","urlTemplate":"https:\/\/js-psychologue.fr\/?s={search_term_string}"},"query-input":"required name=search_term_string"}],"inLanguage":"fr-FR"},{"@type":["Person","Organization"],"@id":"https:\/\/js-psychologue.fr\/#\/schema\/person\/5fc3895255d5fcb3465e8411814b7ed3","name":"Julie SCOUPPE","image":{"@type":"ImageObject","inLanguage":"fr-FR","@id":"https:\/\/js-psychologue.fr\/#\/schema\/person\/image\/","url":"https:\/\/secure.gravatar.com\/avatar\/a9f07b4df8c8333cf0ea12e9bda09622d8fbfcd4df7271b0e9aadc791ac7ce3c?s=96&d=mm&r=g","contentUrl":"https:\/\/secure.gravatar.com\/avatar\/a9f07b4df8c8333cf0ea12e9bda09622d8fbfcd4df7271b0e9aadc791ac7ce3c?s=96&d=mm&r=g","caption":"Julie SCOUPPE"},"logo":{"@id":"https:\/\/js-psychologue.fr\/#\/schema\/person\/image\/"}}]}},"_links":{"self":[{"href":"https:\/\/js-psychologue.fr\/index.php?rest_route=\/wp\/v2\/pages\/377","targetHints":{"allow":["GET"]}}],"collection":[{"href":"https:\/\/js-psychologue.fr\/index.php?rest_route=\/wp\/v2\/pages"}],"about":[{"href":"https:\/\/js-psychologue.fr\/index.php?rest_route=\/wp\/v2\/types\/page"}],"author":[{"embeddable":true,"href":"https:\/\/js-psychologue.fr\/index.php?rest_route=\/wp\/v2\/users\/1"}],"replies":[{"embeddable":true,"href":"https:\/\/js-psychologue.fr\/index.php?rest_route=%2Fwp%2Fv2%2Fcomments&post=377"}],"version-history":[{"count":20,"href":"https:\/\/js-psychologue.fr\/index.php?rest_route=\/wp\/v2\/pages\/377\/revisions"}],"predecessor-version":[{"id":514,"href":"https:\/\/js-psychologue.fr\/index.php?rest_route=\/wp\/v2\/pages\/377\/revisions\/514"}],"wp:attachment":[{"href":"https:\/\/js-psychologue.fr\/index.php?rest_route=%2Fwp%2Fv2%2Fmedia&parent=377"}],"curies":[{"name":"wp","href":"https:\/\/api.w.org\/{rel}","templated":true}]}}