{"id":398,"date":"2021-06-22T10:11:32","date_gmt":"2021-06-22T08:11:32","guid":{"rendered":"http:\/\/js-psychologue.fr\/?page_id=398"},"modified":"2022-06-07T11:38:33","modified_gmt":"2022-06-07T09:38:33","slug":"corps-et-esprit","status":"publish","type":"page","link":"https:\/\/js-psychologue.fr\/?page_id=398","title":{"rendered":"Corps et esprit"},"content":{"rendered":"\n<p>L\u2019\u00eatre humain fonctionne un grand tout\u00a0: le corps et le psychisme sont en interaction permanente. Habituellement, ce syst\u00e8me travaille en hom\u00e9ostasie, c\u2019est-\u00e0-dire en \u00e9quilibre, en harmonie. Parfois, cette hom\u00e9ostasie est d\u00e9r\u00e9gl\u00e9e et il convient donc d\u2019en comprendre le sens pour pouvoir la r\u00e9tablir au mieux.<\/p>\n\n\n\n<p>\u00ab&nbsp;<a href=\"https:\/\/www.dicocitations.com\/citation_auteur_ajout\/35158.php\">Sachant que tout ce qui ne s&rsquo;exprime pas s&rsquo;imprime, il est souhaitable de favoriser l&rsquo;expression au-del\u00e0 de l&rsquo;\u00e9motion, ou du retentissement. Cette pratique permettra d&rsquo;\u00e9viter quelques somatisations, du stress et de l&rsquo;angoisse.&nbsp;\u00bb, Jacques Salom\u00e9 (Oser travailler heureux : entre prendre et donner, 2000, Albin Michel).<\/a> C\u2019est tout l\u2019objet d\u2019\u00e9tude de la m\u00e9decine psychosomatique, qui concerne l\u2019influence de l\u2019esprit (psych\u00e9) sur le corps (soma). Le psychisme (\u00e9motions, pens\u00e9es, inconscient, etc.) peut avoir une influence sur le corps, en causant, en aggravant ou en diminuant certains troubles physiques, montrant par l\u00e0 le lien entre le syst\u00e8me nerveux et le syst\u00e8me immunitaire. Evidemment, toutes les pathologies physiques ne sont pas caus\u00e9es par une \u00e9motion, n\u00e9anmoins nous savons aujourd\u2019hui que notre \u00e9tat d\u2019esprit peut avoir un impact important sur notre \u00e9tat physique et l\u2019\u00e9volution de pathologies organiques. Les expressions courantes r\u00e9v\u00e8lent d\u00e9j\u00e0 le lien entre le v\u00e9cu d\u2019une situation et le retentissement physique&nbsp;: \u00ab&nbsp;J\u2019en ai plein de dos&nbsp;d\u2019un tel \u00bb \u00ab&nbsp;Je porte trop de choses sur mes \u00e9paules&nbsp;\u00bb, \u00ab&nbsp;Ne te mets pas la rate au court-bouillon \u00e0 cause de cette situation&nbsp;\u00bb, \u00ab&nbsp;Il va se faire un ulc\u00e8re \u00e0 force de ressasser cette histoire&nbsp;\u00bb, et tant d\u2019autres. <\/p>\n\n\n\n<p>Par ailleurs, la m\u00e9decine traditionnelle chinoise associe certaines \u00e9motions \u00e0 certains organes, qui pourront \u00eatre trait\u00e9s notamment via l&rsquo;acupuncture : la peur correspond au rein, la joie au coeur, la col\u00e8re au foie, la tristesse au poumon et la rumination \u00e0 la rate. <\/p>\n\n\n\n<p>Il est donc grand temps de prendre en compte la globalit\u00e9 de notre fonctionnement et de ne plus cliver les maux et leur prise en charge.<\/p>\n","protected":false},"excerpt":{"rendered":"<p>L\u2019\u00eatre humain fonctionne un grand tout\u00a0: le corps et le psychisme sont en interaction permanente. Habituellement, ce syst\u00e8me travaille en hom\u00e9ostasie, c\u2019est-\u00e0-dire en \u00e9quilibre, en harmonie. Parfois, cette hom\u00e9ostasie est d\u00e9r\u00e9gl\u00e9e et il convient donc d\u2019en comprendre le sens pour pouvoir la r\u00e9tablir au mieux. \u00ab&nbsp;Sachant que tout ce qui ne s&rsquo;exprime pas s&rsquo;imprime, il &hellip; <\/p>\n<p class=\"link-more\"><a href=\"https:\/\/js-psychologue.fr\/?page_id=398\" class=\"more-link\">Continuer la lecture<span class=\"screen-reader-text\"> de &laquo;&nbsp;Corps et esprit&nbsp;&raquo;<\/span><\/a><\/p>\n","protected":false},"author":1,"featured_media":0,"parent":0,"menu_order":0,"comment_status":"closed","ping_status":"closed","template":"","meta":{"footnotes":""},"class_list":["post-398","page","type-page","status-publish","hentry"],"yoast_head":"<!-- This site is optimized with the Yoast SEO plugin v20.6 - https:\/\/yoast.com\/wordpress\/plugins\/seo\/ -->\n<title>Corps et esprit - Julie SCOUPPE, Psychologue - psychoth\u00e9rapeute \u00e0 Montpellier<\/title>\n<meta name=\"description\" content=\"Corps et esprit - Julie SCOUPPE psychologue \u00e0 Montpellier - hom\u00e9ostasie\" \/>\n<meta name=\"robots\" content=\"index, follow, max-snippet:-1, max-image-preview:large, max-video-preview:-1\" \/>\n<link rel=\"canonical\" href=\"https:\/\/js-psychologue.fr\/?page_id=398\" \/>\n<meta property=\"og:locale\" content=\"fr_FR\" \/>\n<meta property=\"og:type\" content=\"article\" \/>\n<meta property=\"og:title\" content=\"Corps et esprit - Julie SCOUPPE, Psychologue - psychoth\u00e9rapeute \u00e0 Montpellier\" \/>\n<meta property=\"og:description\" content=\"Corps et esprit - Julie SCOUPPE psychologue \u00e0 Montpellier - hom\u00e9ostasie\" \/>\n<meta property=\"og:url\" content=\"https:\/\/js-psychologue.fr\/?page_id=398\" \/>\n<meta property=\"og:site_name\" content=\"Julie SCOUPPE, Psychologue - psychoth\u00e9rapeute \u00e0 Montpellier\" \/>\n<meta property=\"article:modified_time\" content=\"2022-06-07T09:38:33+00:00\" \/>\n<meta name=\"twitter:card\" content=\"summary_large_image\" \/>\n<meta name=\"twitter:label1\" content=\"Dur\u00e9e de lecture estim\u00e9e\" \/>\n\t<meta name=\"twitter:data1\" content=\"2 minutes\" \/>\n<script type=\"application\/ld+json\" class=\"yoast-schema-graph\">{\"@context\":\"https:\/\/schema.org\",\"@graph\":[{\"@type\":\"WebPage\",\"@id\":\"https:\/\/js-psychologue.fr\/?page_id=398\",\"url\":\"https:\/\/js-psychologue.fr\/?page_id=398\",\"name\":\"Corps et esprit - Julie SCOUPPE, Psychologue - psychoth\u00e9rapeute \u00e0 Montpellier\",\"isPartOf\":{\"@id\":\"https:\/\/js-psychologue.fr\/#website\"},\"datePublished\":\"2021-06-22T08:11:32+00:00\",\"dateModified\":\"2022-06-07T09:38:33+00:00\",\"description\":\"Corps et esprit - Julie SCOUPPE psychologue \u00e0 Montpellier - hom\u00e9ostasie\",\"breadcrumb\":{\"@id\":\"https:\/\/js-psychologue.fr\/?page_id=398#breadcrumb\"},\"inLanguage\":\"fr-FR\",\"potentialAction\":[{\"@type\":\"ReadAction\",\"target\":[\"https:\/\/js-psychologue.fr\/?page_id=398\"]}]},{\"@type\":\"BreadcrumbList\",\"@id\":\"https:\/\/js-psychologue.fr\/?page_id=398#breadcrumb\",\"itemListElement\":[{\"@type\":\"ListItem\",\"position\":1,\"name\":\"Accueil\",\"item\":\"https:\/\/js-psychologue.fr\/\"},{\"@type\":\"ListItem\",\"position\":2,\"name\":\"Corps et esprit\"}]},{\"@type\":\"WebSite\",\"@id\":\"https:\/\/js-psychologue.fr\/#website\",\"url\":\"https:\/\/js-psychologue.fr\/\",\"name\":\"Julie SCOUPPE, Psychologue - psychoth\u00e9rapeute \u00e0 Montpellier\",\"description\":\"&quot;L&#039;important n&#039;est pas ce que l&#039;on a fait de nous, mais ce que nous faisons nous-m\u00eames de ce que l&#039;on a fait de nous.&quot;                            Jean-Paul Sartre\",\"publisher\":{\"@id\":\"https:\/\/js-psychologue.fr\/#\/schema\/person\/5fc3895255d5fcb3465e8411814b7ed3\"},\"potentialAction\":[{\"@type\":\"SearchAction\",\"target\":{\"@type\":\"EntryPoint\",\"urlTemplate\":\"https:\/\/js-psychologue.fr\/?s={search_term_string}\"},\"query-input\":\"required name=search_term_string\"}],\"inLanguage\":\"fr-FR\"},{\"@type\":[\"Person\",\"Organization\"],\"@id\":\"https:\/\/js-psychologue.fr\/#\/schema\/person\/5fc3895255d5fcb3465e8411814b7ed3\",\"name\":\"Julie SCOUPPE\",\"image\":{\"@type\":\"ImageObject\",\"inLanguage\":\"fr-FR\",\"@id\":\"https:\/\/js-psychologue.fr\/#\/schema\/person\/image\/\",\"url\":\"https:\/\/secure.gravatar.com\/avatar\/a9f07b4df8c8333cf0ea12e9bda09622d8fbfcd4df7271b0e9aadc791ac7ce3c?s=96&d=mm&r=g\",\"contentUrl\":\"https:\/\/secure.gravatar.com\/avatar\/a9f07b4df8c8333cf0ea12e9bda09622d8fbfcd4df7271b0e9aadc791ac7ce3c?s=96&d=mm&r=g\",\"caption\":\"Julie SCOUPPE\"},\"logo\":{\"@id\":\"https:\/\/js-psychologue.fr\/#\/schema\/person\/image\/\"}}]}<\/script>\n<!-- \/ Yoast SEO plugin. -->","yoast_head_json":{"title":"Corps et esprit - Julie SCOUPPE, Psychologue - psychoth\u00e9rapeute \u00e0 Montpellier","description":"Corps et esprit - Julie SCOUPPE psychologue \u00e0 Montpellier - hom\u00e9ostasie","robots":{"index":"index","follow":"follow","max-snippet":"max-snippet:-1","max-image-preview":"max-image-preview:large","max-video-preview":"max-video-preview:-1"},"canonical":"https:\/\/js-psychologue.fr\/?page_id=398","og_locale":"fr_FR","og_type":"article","og_title":"Corps et esprit - Julie SCOUPPE, Psychologue - psychoth\u00e9rapeute \u00e0 Montpellier","og_description":"Corps et esprit - Julie SCOUPPE psychologue \u00e0 Montpellier - hom\u00e9ostasie","og_url":"https:\/\/js-psychologue.fr\/?page_id=398","og_site_name":"Julie SCOUPPE, Psychologue - psychoth\u00e9rapeute \u00e0 Montpellier","article_modified_time":"2022-06-07T09:38:33+00:00","twitter_card":"summary_large_image","twitter_misc":{"Dur\u00e9e de lecture estim\u00e9e":"2 minutes"},"schema":{"@context":"https:\/\/schema.org","@graph":[{"@type":"WebPage","@id":"https:\/\/js-psychologue.fr\/?page_id=398","url":"https:\/\/js-psychologue.fr\/?page_id=398","name":"Corps et esprit - Julie SCOUPPE, Psychologue - psychoth\u00e9rapeute \u00e0 Montpellier","isPartOf":{"@id":"https:\/\/js-psychologue.fr\/#website"},"datePublished":"2021-06-22T08:11:32+00:00","dateModified":"2022-06-07T09:38:33+00:00","description":"Corps et esprit - Julie SCOUPPE psychologue \u00e0 Montpellier - hom\u00e9ostasie","breadcrumb":{"@id":"https:\/\/js-psychologue.fr\/?page_id=398#breadcrumb"},"inLanguage":"fr-FR","potentialAction":[{"@type":"ReadAction","target":["https:\/\/js-psychologue.fr\/?page_id=398"]}]},{"@type":"BreadcrumbList","@id":"https:\/\/js-psychologue.fr\/?page_id=398#breadcrumb","itemListElement":[{"@type":"ListItem","position":1,"name":"Accueil","item":"https:\/\/js-psychologue.fr\/"},{"@type":"ListItem","position":2,"name":"Corps et esprit"}]},{"@type":"WebSite","@id":"https:\/\/js-psychologue.fr\/#website","url":"https:\/\/js-psychologue.fr\/","name":"Julie SCOUPPE, Psychologue - psychoth\u00e9rapeute \u00e0 Montpellier","description":"&quot;L&#039;important n&#039;est pas ce que l&#039;on a fait de nous, mais ce que nous faisons nous-m\u00eames de ce que l&#039;on a fait de nous.&quot;                            Jean-Paul Sartre","publisher":{"@id":"https:\/\/js-psychologue.fr\/#\/schema\/person\/5fc3895255d5fcb3465e8411814b7ed3"},"potentialAction":[{"@type":"SearchAction","target":{"@type":"EntryPoint","urlTemplate":"https:\/\/js-psychologue.fr\/?s={search_term_string}"},"query-input":"required name=search_term_string"}],"inLanguage":"fr-FR"},{"@type":["Person","Organization"],"@id":"https:\/\/js-psychologue.fr\/#\/schema\/person\/5fc3895255d5fcb3465e8411814b7ed3","name":"Julie SCOUPPE","image":{"@type":"ImageObject","inLanguage":"fr-FR","@id":"https:\/\/js-psychologue.fr\/#\/schema\/person\/image\/","url":"https:\/\/secure.gravatar.com\/avatar\/a9f07b4df8c8333cf0ea12e9bda09622d8fbfcd4df7271b0e9aadc791ac7ce3c?s=96&d=mm&r=g","contentUrl":"https:\/\/secure.gravatar.com\/avatar\/a9f07b4df8c8333cf0ea12e9bda09622d8fbfcd4df7271b0e9aadc791ac7ce3c?s=96&d=mm&r=g","caption":"Julie SCOUPPE"},"logo":{"@id":"https:\/\/js-psychologue.fr\/#\/schema\/person\/image\/"}}]}},"_links":{"self":[{"href":"https:\/\/js-psychologue.fr\/index.php?rest_route=\/wp\/v2\/pages\/398","targetHints":{"allow":["GET"]}}],"collection":[{"href":"https:\/\/js-psychologue.fr\/index.php?rest_route=\/wp\/v2\/pages"}],"about":[{"href":"https:\/\/js-psychologue.fr\/index.php?rest_route=\/wp\/v2\/types\/page"}],"author":[{"embeddable":true,"href":"https:\/\/js-psychologue.fr\/index.php?rest_route=\/wp\/v2\/users\/1"}],"replies":[{"embeddable":true,"href":"https:\/\/js-psychologue.fr\/index.php?rest_route=%2Fwp%2Fv2%2Fcomments&post=398"}],"version-history":[{"count":6,"href":"https:\/\/js-psychologue.fr\/index.php?rest_route=\/wp\/v2\/pages\/398\/revisions"}],"predecessor-version":[{"id":442,"href":"https:\/\/js-psychologue.fr\/index.php?rest_route=\/wp\/v2\/pages\/398\/revisions\/442"}],"wp:attachment":[{"href":"https:\/\/js-psychologue.fr\/index.php?rest_route=%2Fwp%2Fv2%2Fmedia&parent=398"}],"curies":[{"name":"wp","href":"https:\/\/api.w.org\/{rel}","templated":true}]}}