{"id":400,"date":"2021-06-22T10:13:25","date_gmt":"2021-06-22T08:13:25","guid":{"rendered":"http:\/\/js-psychologue.fr\/?page_id=400"},"modified":"2022-06-07T11:39:41","modified_gmt":"2022-06-07T09:39:41","slug":"psychologie-et-perinatalite","status":"publish","type":"page","link":"https:\/\/js-psychologue.fr\/?page_id=400","title":{"rendered":"Psychologie et p\u00e9rinatalit\u00e9"},"content":{"rendered":"\n<p>La p\u00e9rinatalit\u00e9 est la p\u00e9riode qui s\u2019\u00e9tend du projet d\u2019enfant jusqu\u2019aux premi\u00e8res ann\u00e9es de vie de celui-ci. Elle inclue donc le d\u00e9sir d\u2019enfant (avec toutes les projections, l\u2019imaginaire, les id\u00e9aux qui y sont associ\u00e9s), les tentatives de conception, la grossesse, l\u2019accouchement et les premiers mois, voire les premi\u00e8res ann\u00e9es de la vie du b\u00e9b\u00e9. Pour certains parents, tout se passe sans trop d\u2019encombres, alors que pour d\u2019autres il s\u2019agit d\u2019un parcours du combattant, mettant \u00e0 l\u2019\u00e9preuve le couple, l\u2019estime de soi, l\u2019image de soi, les projets de vie, les id\u00e9aux, les liens familiaux et amicaux, le rapport \u00e0 la soci\u00e9t\u00e9&#8230;<\/p>\n\n\n\n<p>Pour certains, cette exp\u00e9rience va \u00eatre source de maturation, de cr\u00e9ativit\u00e9, d\u2019enrichissement, alors que pour d\u2019autres elle pourra mettre en lumi\u00e8re certaines vuln\u00e9rabilit\u00e9s, doutes ou angoisses. La parentalit\u00e9 ne va pas forc\u00e9ment de soi.<\/p>\n\n\n\n<p>Cette p\u00e9riode relie plus que toute autre le corps et l\u2019esprit. Le projet d\u2019enfant s\u2019enracine d\u2019abord dans la psych\u00e9 puis se concr\u00e9tise dans le corps. Il est source de bouleversements physiologiques mais aussi psychiques. Les diff\u00e9rentes \u00e9tapes de la grossesse impactent diff\u00e9remment les futurs parents. Au cours du premier trimestre, les modifications physiologiques sont au premier plan (naus\u00e9es, vomissements, seins douloureux, envies fr\u00e9quentes d\u2019uriner, sommeil perturb\u00e9, etc.) avec la r\u00e9alisation biologique du d\u00e9sir d\u2019enfant. Par la suite, cette r\u00e9alit\u00e9 devient davantage concr\u00e8te avec le ventre qui s\u2019arrondit, les \u00e9chographies permettant de visualiser le f\u0153tus et les mouvements du b\u00e9b\u00e9 qui permettent aux futurs parents de le sentir et le voir bouger. Cette p\u00e9riode est tr\u00e8s riche sur le plan psychologique dans la mesure o\u00f9 elle va venir questionner la femme sur la m\u00e8re qu\u2019elle souhaite devenir, mettant \u00e0 jour les projections, les repr\u00e9sentations qu\u2019elle a de cet enfant attendu, et la vie de famille qu\u2019elle s\u2019imagine avoir. La femme pourra se sentir particuli\u00e8rement sensible, avec une r\u00e9activation du pass\u00e9, de certains souvenirs, requestionnant ainsi sa propre place d\u2019enfant. Monique Bydlowski emploie le terme de \u00ab&nbsp;transparence psychique&nbsp;\u00bb pour d\u00e9crire cet \u00e9tat particulier de la femme enceinte ou des fragments de l\u2019inconscient reviennent \u00e0 la conscience. La fin de grossesse am\u00e8ne \u00e0 la d\u00e9fusion avec le b\u00e9b\u00e9, l\u2019individuation de cet \u00eatre \u00e0 part enti\u00e8re et la prise en compte de ses futurs besoins et de son rythme. Donald Winnicott \u00e9voquera la notion de Pr\u00e9occupation Maternelle Primaire pour d\u00e9crire cet \u00ab&nbsp;\u00e9tat tr\u00e8s sp\u00e9cifique de la femme enceinte&nbsp;\u00bb qui \u00ab&nbsp;se d\u00e9veloppe graduellement pour atteindre un degr\u00e9 de sensibilit\u00e9 accrue pendant la grossesse et sp\u00e9cialement \u00e0 la fin et dure encore quelques semaines apr\u00e8s la naissance de l\u2019enfant&nbsp;\u00bb. Il va m\u00eame jusqu\u2019\u00e0 parler de \u00ab&nbsp;maladie normale&nbsp;\u00bb. En effet, la femme se recentre presque exclusivement sur elle-m\u00eame et sur le b\u00e9b\u00e9 qu\u2019elle porte ou qui vient de na\u00eetre, d\u00e9laissant ses centres d\u2019int\u00e9r\u00eat habituels. La direction de ses int\u00e9r\u00eats se tourne de l\u2019ext\u00e9rieur (loisirs, compagnons, amis, etc.) vers l\u2019int\u00e9rieur, lui permettant de s\u2019adapter aux tout premiers besoins du nourrisson avec d\u00e9licatesse et sensibilit\u00e9 en s\u2019identifiant \u00e0 lui.<\/p>\n\n\n\n<p>Ainsi, la gestation physique s\u2019accompagne d\u2019une gestation psychique n\u00e9cessaire \u00e0 l\u2019\u00e9laboration du Devenir Parents.<\/p>\n\n\n\n<p>Certains blocages dans la conception du b\u00e9b\u00e9 peuvent \u00eatre d\u2019ordre physiologiques et pourront donc \u00eatre soulag\u00e9s par une approche corporelle, comme l\u2019ost\u00e9opathie ou la naturopathie. D\u2019autres rel\u00e8vent davantage d\u2019une origine psychologique (angoisses, r\u00e9p\u00e9titions transg\u00e9n\u00e9rationnelles, histoire de vie, etc.). L\u2019objectif sera donc de mettre en lumi\u00e8re certaines zones d\u2019ombre, de comprendre l\u2019origine et le sens de certains blocages ou au contraire de r\u00e9ajuster certains projets ou d\u2019accepter une situation.<\/p>\n\n\n\n<p>Que ce soit pour des difficult\u00e9s \u00e0 concevoir, pour une grossesse difficile ou des craintes concernant l\u2019accouchement ou la parentalit\u00e9 au sens large, un soutien psychologique peut \u00eatre aidant dans la mesure o\u00f9 vous n\u2019\u00eates pas seul.e \u00e0 vivre cette situation. Vous b\u00e9n\u00e9ficiez d\u2019une \u00e9coute bienveillante, dans un cadre confidentiel et chaleureux avec un.e professionnel.le form\u00e9.e aux sp\u00e9cificit\u00e9s de cette \u00e9tape de la vie.<\/p>\n","protected":false},"excerpt":{"rendered":"<p>La p\u00e9rinatalit\u00e9 est la p\u00e9riode qui s\u2019\u00e9tend du projet d\u2019enfant jusqu\u2019aux premi\u00e8res ann\u00e9es de vie de celui-ci. Elle inclue donc le d\u00e9sir d\u2019enfant (avec toutes les projections, l\u2019imaginaire, les id\u00e9aux qui y sont associ\u00e9s), les tentatives de conception, la grossesse, l\u2019accouchement et les premiers mois, voire les premi\u00e8res ann\u00e9es de la vie du b\u00e9b\u00e9. Pour &hellip; <\/p>\n<p class=\"link-more\"><a href=\"https:\/\/js-psychologue.fr\/?page_id=400\" class=\"more-link\">Continuer la lecture<span class=\"screen-reader-text\"> de &laquo;&nbsp;Psychologie et p\u00e9rinatalit\u00e9&nbsp;&raquo;<\/span><\/a><\/p>\n","protected":false},"author":1,"featured_media":0,"parent":0,"menu_order":0,"comment_status":"closed","ping_status":"closed","template":"","meta":{"footnotes":""},"class_list":["post-400","page","type-page","status-publish","hentry"],"yoast_head":"<!-- This site is optimized with the Yoast SEO plugin v20.6 - https:\/\/yoast.com\/wordpress\/plugins\/seo\/ -->\n<title>Psychologie et p\u00e9rinatalit\u00e9 - Julie SCOUPPE, Psychologue - psychoth\u00e9rapeute \u00e0 Montpellier<\/title>\n<meta name=\"description\" content=\"Psychologie et p\u00e9rinatalit\u00e9 - Julie SCOUPPE psychologue \u00e0 Montpellier\" \/>\n<meta name=\"robots\" content=\"index, follow, max-snippet:-1, max-image-preview:large, max-video-preview:-1\" \/>\n<link rel=\"canonical\" href=\"https:\/\/js-psychologue.fr\/?page_id=400\" \/>\n<meta property=\"og:locale\" content=\"fr_FR\" \/>\n<meta property=\"og:type\" content=\"article\" \/>\n<meta property=\"og:title\" content=\"Psychologie et p\u00e9rinatalit\u00e9 - Julie SCOUPPE, Psychologue - psychoth\u00e9rapeute \u00e0 Montpellier\" \/>\n<meta property=\"og:description\" content=\"Psychologie et p\u00e9rinatalit\u00e9 - Julie SCOUPPE psychologue \u00e0 Montpellier\" \/>\n<meta property=\"og:url\" content=\"https:\/\/js-psychologue.fr\/?page_id=400\" \/>\n<meta property=\"og:site_name\" content=\"Julie SCOUPPE, Psychologue - psychoth\u00e9rapeute \u00e0 Montpellier\" \/>\n<meta property=\"article:modified_time\" content=\"2022-06-07T09:39:41+00:00\" \/>\n<meta name=\"twitter:card\" content=\"summary_large_image\" \/>\n<meta name=\"twitter:label1\" content=\"Dur\u00e9e de lecture estim\u00e9e\" \/>\n\t<meta name=\"twitter:data1\" content=\"4 minutes\" \/>\n<script type=\"application\/ld+json\" class=\"yoast-schema-graph\">{\"@context\":\"https:\/\/schema.org\",\"@graph\":[{\"@type\":\"WebPage\",\"@id\":\"https:\/\/js-psychologue.fr\/?page_id=400\",\"url\":\"https:\/\/js-psychologue.fr\/?page_id=400\",\"name\":\"Psychologie et p\u00e9rinatalit\u00e9 - Julie SCOUPPE, Psychologue - psychoth\u00e9rapeute \u00e0 Montpellier\",\"isPartOf\":{\"@id\":\"https:\/\/js-psychologue.fr\/#website\"},\"datePublished\":\"2021-06-22T08:13:25+00:00\",\"dateModified\":\"2022-06-07T09:39:41+00:00\",\"description\":\"Psychologie et p\u00e9rinatalit\u00e9 - Julie SCOUPPE psychologue \u00e0 Montpellier\",\"breadcrumb\":{\"@id\":\"https:\/\/js-psychologue.fr\/?page_id=400#breadcrumb\"},\"inLanguage\":\"fr-FR\",\"potentialAction\":[{\"@type\":\"ReadAction\",\"target\":[\"https:\/\/js-psychologue.fr\/?page_id=400\"]}]},{\"@type\":\"BreadcrumbList\",\"@id\":\"https:\/\/js-psychologue.fr\/?page_id=400#breadcrumb\",\"itemListElement\":[{\"@type\":\"ListItem\",\"position\":1,\"name\":\"Accueil\",\"item\":\"https:\/\/js-psychologue.fr\/\"},{\"@type\":\"ListItem\",\"position\":2,\"name\":\"Psychologie et p\u00e9rinatalit\u00e9\"}]},{\"@type\":\"WebSite\",\"@id\":\"https:\/\/js-psychologue.fr\/#website\",\"url\":\"https:\/\/js-psychologue.fr\/\",\"name\":\"Julie SCOUPPE, Psychologue - psychoth\u00e9rapeute \u00e0 Montpellier\",\"description\":\"&quot;L&#039;important n&#039;est pas ce que l&#039;on a fait de nous, mais ce que nous faisons nous-m\u00eames de ce que l&#039;on a fait de nous.&quot;                            Jean-Paul Sartre\",\"publisher\":{\"@id\":\"https:\/\/js-psychologue.fr\/#\/schema\/person\/5fc3895255d5fcb3465e8411814b7ed3\"},\"potentialAction\":[{\"@type\":\"SearchAction\",\"target\":{\"@type\":\"EntryPoint\",\"urlTemplate\":\"https:\/\/js-psychologue.fr\/?s={search_term_string}\"},\"query-input\":\"required name=search_term_string\"}],\"inLanguage\":\"fr-FR\"},{\"@type\":[\"Person\",\"Organization\"],\"@id\":\"https:\/\/js-psychologue.fr\/#\/schema\/person\/5fc3895255d5fcb3465e8411814b7ed3\",\"name\":\"Julie SCOUPPE\",\"image\":{\"@type\":\"ImageObject\",\"inLanguage\":\"fr-FR\",\"@id\":\"https:\/\/js-psychologue.fr\/#\/schema\/person\/image\/\",\"url\":\"https:\/\/secure.gravatar.com\/avatar\/a9f07b4df8c8333cf0ea12e9bda09622d8fbfcd4df7271b0e9aadc791ac7ce3c?s=96&d=mm&r=g\",\"contentUrl\":\"https:\/\/secure.gravatar.com\/avatar\/a9f07b4df8c8333cf0ea12e9bda09622d8fbfcd4df7271b0e9aadc791ac7ce3c?s=96&d=mm&r=g\",\"caption\":\"Julie SCOUPPE\"},\"logo\":{\"@id\":\"https:\/\/js-psychologue.fr\/#\/schema\/person\/image\/\"}}]}<\/script>\n<!-- \/ Yoast SEO plugin. -->","yoast_head_json":{"title":"Psychologie et p\u00e9rinatalit\u00e9 - Julie SCOUPPE, Psychologue - psychoth\u00e9rapeute \u00e0 Montpellier","description":"Psychologie et p\u00e9rinatalit\u00e9 - Julie SCOUPPE psychologue \u00e0 Montpellier","robots":{"index":"index","follow":"follow","max-snippet":"max-snippet:-1","max-image-preview":"max-image-preview:large","max-video-preview":"max-video-preview:-1"},"canonical":"https:\/\/js-psychologue.fr\/?page_id=400","og_locale":"fr_FR","og_type":"article","og_title":"Psychologie et p\u00e9rinatalit\u00e9 - Julie SCOUPPE, Psychologue - psychoth\u00e9rapeute \u00e0 Montpellier","og_description":"Psychologie et p\u00e9rinatalit\u00e9 - Julie SCOUPPE psychologue \u00e0 Montpellier","og_url":"https:\/\/js-psychologue.fr\/?page_id=400","og_site_name":"Julie SCOUPPE, Psychologue - psychoth\u00e9rapeute \u00e0 Montpellier","article_modified_time":"2022-06-07T09:39:41+00:00","twitter_card":"summary_large_image","twitter_misc":{"Dur\u00e9e de lecture estim\u00e9e":"4 minutes"},"schema":{"@context":"https:\/\/schema.org","@graph":[{"@type":"WebPage","@id":"https:\/\/js-psychologue.fr\/?page_id=400","url":"https:\/\/js-psychologue.fr\/?page_id=400","name":"Psychologie et p\u00e9rinatalit\u00e9 - Julie SCOUPPE, Psychologue - psychoth\u00e9rapeute \u00e0 Montpellier","isPartOf":{"@id":"https:\/\/js-psychologue.fr\/#website"},"datePublished":"2021-06-22T08:13:25+00:00","dateModified":"2022-06-07T09:39:41+00:00","description":"Psychologie et p\u00e9rinatalit\u00e9 - Julie SCOUPPE psychologue \u00e0 Montpellier","breadcrumb":{"@id":"https:\/\/js-psychologue.fr\/?page_id=400#breadcrumb"},"inLanguage":"fr-FR","potentialAction":[{"@type":"ReadAction","target":["https:\/\/js-psychologue.fr\/?page_id=400"]}]},{"@type":"BreadcrumbList","@id":"https:\/\/js-psychologue.fr\/?page_id=400#breadcrumb","itemListElement":[{"@type":"ListItem","position":1,"name":"Accueil","item":"https:\/\/js-psychologue.fr\/"},{"@type":"ListItem","position":2,"name":"Psychologie et p\u00e9rinatalit\u00e9"}]},{"@type":"WebSite","@id":"https:\/\/js-psychologue.fr\/#website","url":"https:\/\/js-psychologue.fr\/","name":"Julie SCOUPPE, Psychologue - psychoth\u00e9rapeute \u00e0 Montpellier","description":"&quot;L&#039;important n&#039;est pas ce que l&#039;on a fait de nous, mais ce que nous faisons nous-m\u00eames de ce que l&#039;on a fait de nous.&quot;                            Jean-Paul Sartre","publisher":{"@id":"https:\/\/js-psychologue.fr\/#\/schema\/person\/5fc3895255d5fcb3465e8411814b7ed3"},"potentialAction":[{"@type":"SearchAction","target":{"@type":"EntryPoint","urlTemplate":"https:\/\/js-psychologue.fr\/?s={search_term_string}"},"query-input":"required name=search_term_string"}],"inLanguage":"fr-FR"},{"@type":["Person","Organization"],"@id":"https:\/\/js-psychologue.fr\/#\/schema\/person\/5fc3895255d5fcb3465e8411814b7ed3","name":"Julie SCOUPPE","image":{"@type":"ImageObject","inLanguage":"fr-FR","@id":"https:\/\/js-psychologue.fr\/#\/schema\/person\/image\/","url":"https:\/\/secure.gravatar.com\/avatar\/a9f07b4df8c8333cf0ea12e9bda09622d8fbfcd4df7271b0e9aadc791ac7ce3c?s=96&d=mm&r=g","contentUrl":"https:\/\/secure.gravatar.com\/avatar\/a9f07b4df8c8333cf0ea12e9bda09622d8fbfcd4df7271b0e9aadc791ac7ce3c?s=96&d=mm&r=g","caption":"Julie SCOUPPE"},"logo":{"@id":"https:\/\/js-psychologue.fr\/#\/schema\/person\/image\/"}}]}},"_links":{"self":[{"href":"https:\/\/js-psychologue.fr\/index.php?rest_route=\/wp\/v2\/pages\/400","targetHints":{"allow":["GET"]}}],"collection":[{"href":"https:\/\/js-psychologue.fr\/index.php?rest_route=\/wp\/v2\/pages"}],"about":[{"href":"https:\/\/js-psychologue.fr\/index.php?rest_route=\/wp\/v2\/types\/page"}],"author":[{"embeddable":true,"href":"https:\/\/js-psychologue.fr\/index.php?rest_route=\/wp\/v2\/users\/1"}],"replies":[{"embeddable":true,"href":"https:\/\/js-psychologue.fr\/index.php?rest_route=%2Fwp%2Fv2%2Fcomments&post=400"}],"version-history":[{"count":3,"href":"https:\/\/js-psychologue.fr\/index.php?rest_route=\/wp\/v2\/pages\/400\/revisions"}],"predecessor-version":[{"id":443,"href":"https:\/\/js-psychologue.fr\/index.php?rest_route=\/wp\/v2\/pages\/400\/revisions\/443"}],"wp:attachment":[{"href":"https:\/\/js-psychologue.fr\/index.php?rest_route=%2Fwp%2Fv2%2Fmedia&parent=400"}],"curies":[{"name":"wp","href":"https:\/\/api.w.org\/{rel}","templated":true}]}}