{"id":48,"date":"2017-12-22T20:24:29","date_gmt":"2017-12-22T19:24:29","guid":{"rendered":"http:\/\/js-psychologue.fr\/?page_id=48"},"modified":"2024-10-01T14:56:45","modified_gmt":"2024-10-01T12:56:45","slug":"qui-suis-je","status":"publish","type":"page","link":"https:\/\/js-psychologue.fr\/","title":{"rendered":"Qui suis-je?"},"content":{"rendered":"<h1><img loading=\"lazy\" decoding=\"async\" class=\"wp-image-432\" src=\"http:\/\/js-psychologue.fr\/wp-content\/uploads\/2022\/06\/Photo-Ju-pro-629x1024.jpeg\" alt=\"\" width=\"129\" height=\"210\" srcset=\"https:\/\/js-psychologue.fr\/wp-content\/uploads\/2022\/06\/Photo-Ju-pro-629x1024.jpeg 629w, https:\/\/js-psychologue.fr\/wp-content\/uploads\/2022\/06\/Photo-Ju-pro-184x300.jpeg 184w, https:\/\/js-psychologue.fr\/wp-content\/uploads\/2022\/06\/Photo-Ju-pro-768x1250.jpeg 768w, https:\/\/js-psychologue.fr\/wp-content\/uploads\/2022\/06\/Photo-Ju-pro-944x1536.jpeg 944w, https:\/\/js-psychologue.fr\/wp-content\/uploads\/2022\/06\/Photo-Ju-pro.jpeg 983w\" sizes=\"auto, (max-width: 129px) 100vw, 129px\" \/><\/h1>\n<h1>La formation d&rsquo;un psychologue<\/h1>\n<p>Un psychologue a valid\u00e9 une formation universitaire de 5 ans en psychologie (cours th\u00e9oriques + stages) et obtenu le titre de psychologue, prot\u00e9g\u00e9 par l&rsquo;Etat en vertu de la loi n\u00b0 85-772 du 25 juillet 1985.<\/p>\n<h1>Le titre de psychoth\u00e9rapeute<\/h1>\n<p>L\u2019article 52 de la loi n\u00b0 2004-806 du 9 ao\u00fbt 2004 modifi\u00e9e relative \u00e0 la politique de sant\u00e9 publique r\u00e9glemente l\u2019usage du titre de psychoth\u00e9rapeute et impose l\u2019inscription des professionnels au registre national des psychoth\u00e9rapeutes.<\/p>\n<h1>Mon parcours<\/h1>\n\n\n\n<p>Je suis psychologue clinicienne dipl\u00f4m\u00e9e de l&rsquo;universit\u00e9 Paris Descartes en 2011 et inscrite au registre des psychoth\u00e9rapeutes depuis f\u00e9vrier 2019. J&rsquo;exerce actuellement en cabinet lib\u00e9ral \u00e0 Montpellier et je r\u00e9alise des astreintes t\u00e9l\u00e9phoniques de soutien psychologique pour des salari\u00e9s en souffrance au travail, dans le cadre d&rsquo;un cabinet intervenant dans les risques psycho-sociaux. J&rsquo;intervenais auparavant en lib\u00e9ral dans les Hauts de Seine ainsi qu&rsquo;en protection de l&rsquo;enfance au sein d&rsquo;un lieu de vie pour enfants plac\u00e9s durant 6 ans. J&rsquo;ai \u00e9galement travaill\u00e9 au sein d&rsquo;une association de soutien \u00e0 la parentalit\u00e9 pendant plusieurs ann\u00e9es ainsi qu&rsquo;au sein d&rsquo;\u00e9tablissements de placement \u00e9ducatif pour mineurs d\u00e9linquants.<\/p>\n<p>J&rsquo;accueille les personnes que je rencontre avec chaleur et bienveillance. Pour moi, la base de tout travail psychologique est la confiance qui s&rsquo;\u00e9tablit entre le patient et le th\u00e9rapeute qu&rsquo;il a choisi, cette \u00ab\u00a0alliance th\u00e9rapeutique\u00a0\u00bb qui permet au patient de se sentir compris, \u00e9cout\u00e9, \u00e0 l&rsquo;aise, non jug\u00e9. Un psychologue est un guide qui aide celui qui le consulte \u00e0 traverser une p\u00e9riode difficile. Il travaille <em>avec<\/em> et non pas <em>\u00e0 la place<\/em> de son patient.<\/p>\n<p>Ma formation a \u00e9t\u00e9 plut\u00f4t d&rsquo;orientation psychanalytique, mais j&rsquo;ai \u00e9galement \u00e9t\u00e9 sensibilis\u00e9e aux approches syst\u00e9mique, attachementiste ainsi que comportementale et cognitive \u00e0 travers des stages et des formations compl\u00e9mentaires. Je pratique l&rsquo;\u00e9coute active en entretien, c&rsquo;est-\u00e0-dire que vous ne parlerez pas \u00ab\u00a0\u00e0 un mur\u00a0\u00bb, ainsi que la psycho-\u00e9ducation, qui consiste \u00e0 vous fournir des informations sur vos sympt\u00f4mes ou le trouble dont vous souffrez afin de mieux vous comprendre et de vous rassurer sur la \u00ab\u00a0normalit\u00e9\u00a0\u00bb de ce que vous ressentez au vu du contexte. Je peux \u00e9galement utiliser certains outils, comme le g\u00e9nogramme, le bilan psychologique, le dessin ou le jeux avec les enfants, notamment. J&rsquo;utilise aussi le Brainspotting, un outil th\u00e9rapeutique permettant de surmonter des traumatismes et blocages \u00e9motionnels \u00e0 l&rsquo;aide des positions oculaires et de la musique (outil neurophysiologique).<\/p>\n<p>Je me r\u00e9f\u00e8re \u00e9galement au <a href=\"http:\/\/js-psychologue.fr\/wp-content\/uploads\/2017\/12\/Code-de-d\u00e9ontologie-des-psychologues.pdf\">Code de d\u00e9ontologie des psychologues.<\/a><\/p>\n<p>L&rsquo;inscription au registre ADELI est obligatoire pour tous les psychologues afin d&rsquo;avoir un num\u00e9ro de r\u00e9f\u00e9rence. Mon num\u00e9ro ADELI est le 349324160.<\/p>\n<p>Mon num\u00e9ro SIRET est le 834 204 851 000 36.<\/p>\n<h1>Partenariats<\/h1>\n<p>Je fais partie de l&rsquo;APPA, l&rsquo;association des psychologues et des patients accompagn\u00e9s depuis 2020. Dans ce cadre, j&rsquo;ai co-cr\u00e9\u00e9 un module visio sur la p\u00e9rinatalit\u00e9, accessible gratuitement sur inscription et ai fait une pr\u00e9sentation sur l&rsquo;approche int\u00e9grative en psychoth\u00e9rapie \u00e0 l&rsquo;occasion de la journ\u00e9e clinique 2024.<\/p>\n<p>J&rsquo;ai par ailleurs rejoints en 2024 le R\u00e9seau MaxiM, qui propose des suivis int\u00e9gratifs et pluridisciplinaires (psychologue, sophrologue, naturopathe, coach, etc.). Le parcours de soin est personnalis\u00e9 et suit un protocole \u00e9tabli par le R\u00e9seau. Pour en savoir plus : https:\/\/reseau-maxim.fr\/<\/p>\n<p>\u00a0<\/p>\n<p><img loading=\"lazy\" decoding=\"async\" class=\"alignleft wp-image-141\" src=\"http:\/\/js-psychologue.fr\/wp-content\/uploads\/2018\/01\/Dessin-psychologue-286x300.jpg\" alt=\"\" width=\"173\" height=\"181\" srcset=\"https:\/\/js-psychologue.fr\/wp-content\/uploads\/2018\/01\/Dessin-psychologue-286x300.jpg 286w, https:\/\/js-psychologue.fr\/wp-content\/uploads\/2018\/01\/Dessin-psychologue.jpg 312w\" sizes=\"auto, (max-width: 173px) 100vw, 173px\" \/><\/p>","protected":false},"excerpt":{"rendered":"<p>La formation d&rsquo;un psychologue Un psychologue a valid\u00e9 une formation universitaire de 5 ans en psychologie (cours th\u00e9oriques + stages) et obtenu le titre de psychologue, prot\u00e9g\u00e9 par l&rsquo;Etat en vertu de la loi n\u00b0 85-772 du 25 juillet 1985. Le titre de psychoth\u00e9rapeute L\u2019article 52 de la loi n\u00b0 2004-806 du 9 ao\u00fbt 2004 &hellip; <\/p>\n<p class=\"link-more\"><a href=\"https:\/\/js-psychologue.fr\/\" class=\"more-link\">Continuer la lecture<span class=\"screen-reader-text\"> de &laquo;&nbsp;Qui suis-je?&nbsp;&raquo;<\/span><\/a><\/p>\n","protected":false},"author":1,"featured_media":0,"parent":0,"menu_order":2,"comment_status":"closed","ping_status":"closed","template":"","meta":{"footnotes":""},"class_list":["post-48","page","type-page","status-publish","hentry"],"yoast_head":"<!-- This site is optimized with the Yoast SEO plugin v20.6 - https:\/\/yoast.com\/wordpress\/plugins\/seo\/ -->\n<title>Psychologue psychoth\u00e9rapeute Montpellier<\/title>\n<meta name=\"description\" content=\"Psychologue psychoth\u00e9rapeute Montpellier - Julie SCOUPPE\" \/>\n<meta name=\"robots\" content=\"index, follow, max-snippet:-1, max-image-preview:large, max-video-preview:-1\" \/>\n<link rel=\"canonical\" href=\"https:\/\/js-psychologue.fr\/\" \/>\n<meta property=\"og:locale\" content=\"fr_FR\" \/>\n<meta property=\"og:type\" content=\"article\" \/>\n<meta property=\"og:title\" content=\"Psychologue psychoth\u00e9rapeute Montpellier\" \/>\n<meta property=\"og:description\" content=\"Psychologue psychoth\u00e9rapeute Montpellier - Julie SCOUPPE\" \/>\n<meta property=\"og:url\" content=\"https:\/\/js-psychologue.fr\/\" \/>\n<meta property=\"og:site_name\" content=\"Julie SCOUPPE, Psychologue - psychoth\u00e9rapeute \u00e0 Montpellier\" \/>\n<meta property=\"article:modified_time\" content=\"2024-10-01T12:56:45+00:00\" \/>\n<meta property=\"og:image\" content=\"http:\/\/js-psychologue.fr\/wp-content\/uploads\/2022\/06\/Photo-Ju-pro-629x1024.jpeg\" \/>\n<meta name=\"twitter:card\" content=\"summary_large_image\" \/>\n<meta name=\"twitter:label1\" content=\"Dur\u00e9e de lecture estim\u00e9e\" \/>\n\t<meta name=\"twitter:data1\" content=\"4 minutes\" \/>\n<script type=\"application\/ld+json\" class=\"yoast-schema-graph\">{\"@context\":\"https:\/\/schema.org\",\"@graph\":[{\"@type\":\"WebPage\",\"@id\":\"https:\/\/js-psychologue.fr\/\",\"url\":\"https:\/\/js-psychologue.fr\/\",\"name\":\"Psychologue psychoth\u00e9rapeute Montpellier\",\"isPartOf\":{\"@id\":\"https:\/\/js-psychologue.fr\/#website\"},\"datePublished\":\"2017-12-22T19:24:29+00:00\",\"dateModified\":\"2024-10-01T12:56:45+00:00\",\"description\":\"Psychologue psychoth\u00e9rapeute Montpellier - Julie SCOUPPE\",\"breadcrumb\":{\"@id\":\"https:\/\/js-psychologue.fr\/#breadcrumb\"},\"inLanguage\":\"fr-FR\",\"potentialAction\":[{\"@type\":\"ReadAction\",\"target\":[\"https:\/\/js-psychologue.fr\/\"]}]},{\"@type\":\"BreadcrumbList\",\"@id\":\"https:\/\/js-psychologue.fr\/#breadcrumb\",\"itemListElement\":[{\"@type\":\"ListItem\",\"position\":1,\"name\":\"Accueil\",\"item\":\"https:\/\/js-psychologue.fr\/\"},{\"@type\":\"ListItem\",\"position\":2,\"name\":\"Qui suis-je?\"}]},{\"@type\":\"WebSite\",\"@id\":\"https:\/\/js-psychologue.fr\/#website\",\"url\":\"https:\/\/js-psychologue.fr\/\",\"name\":\"Julie SCOUPPE, Psychologue - psychoth\u00e9rapeute \u00e0 Montpellier\",\"description\":\"&quot;L&#039;important n&#039;est pas ce que l&#039;on a fait de nous, mais ce que nous faisons nous-m\u00eames de ce que l&#039;on a fait de nous.&quot;                            Jean-Paul Sartre\",\"publisher\":{\"@id\":\"https:\/\/js-psychologue.fr\/#\/schema\/person\/5fc3895255d5fcb3465e8411814b7ed3\"},\"potentialAction\":[{\"@type\":\"SearchAction\",\"target\":{\"@type\":\"EntryPoint\",\"urlTemplate\":\"https:\/\/js-psychologue.fr\/?s={search_term_string}\"},\"query-input\":\"required name=search_term_string\"}],\"inLanguage\":\"fr-FR\"},{\"@type\":[\"Person\",\"Organization\"],\"@id\":\"https:\/\/js-psychologue.fr\/#\/schema\/person\/5fc3895255d5fcb3465e8411814b7ed3\",\"name\":\"Julie SCOUPPE\",\"image\":{\"@type\":\"ImageObject\",\"inLanguage\":\"fr-FR\",\"@id\":\"https:\/\/js-psychologue.fr\/#\/schema\/person\/image\/\",\"url\":\"https:\/\/secure.gravatar.com\/avatar\/a9f07b4df8c8333cf0ea12e9bda09622d8fbfcd4df7271b0e9aadc791ac7ce3c?s=96&d=mm&r=g\",\"contentUrl\":\"https:\/\/secure.gravatar.com\/avatar\/a9f07b4df8c8333cf0ea12e9bda09622d8fbfcd4df7271b0e9aadc791ac7ce3c?s=96&d=mm&r=g\",\"caption\":\"Julie SCOUPPE\"},\"logo\":{\"@id\":\"https:\/\/js-psychologue.fr\/#\/schema\/person\/image\/\"}}]}<\/script>\n<!-- \/ Yoast SEO plugin. -->","yoast_head_json":{"title":"Psychologue psychoth\u00e9rapeute Montpellier","description":"Psychologue psychoth\u00e9rapeute Montpellier - Julie SCOUPPE","robots":{"index":"index","follow":"follow","max-snippet":"max-snippet:-1","max-image-preview":"max-image-preview:large","max-video-preview":"max-video-preview:-1"},"canonical":"https:\/\/js-psychologue.fr\/","og_locale":"fr_FR","og_type":"article","og_title":"Psychologue psychoth\u00e9rapeute Montpellier","og_description":"Psychologue psychoth\u00e9rapeute Montpellier - Julie SCOUPPE","og_url":"https:\/\/js-psychologue.fr\/","og_site_name":"Julie SCOUPPE, Psychologue - psychoth\u00e9rapeute \u00e0 Montpellier","article_modified_time":"2024-10-01T12:56:45+00:00","og_image":[{"url":"http:\/\/js-psychologue.fr\/wp-content\/uploads\/2022\/06\/Photo-Ju-pro-629x1024.jpeg"}],"twitter_card":"summary_large_image","twitter_misc":{"Dur\u00e9e de lecture estim\u00e9e":"4 minutes"},"schema":{"@context":"https:\/\/schema.org","@graph":[{"@type":"WebPage","@id":"https:\/\/js-psychologue.fr\/","url":"https:\/\/js-psychologue.fr\/","name":"Psychologue psychoth\u00e9rapeute Montpellier","isPartOf":{"@id":"https:\/\/js-psychologue.fr\/#website"},"datePublished":"2017-12-22T19:24:29+00:00","dateModified":"2024-10-01T12:56:45+00:00","description":"Psychologue psychoth\u00e9rapeute Montpellier - Julie SCOUPPE","breadcrumb":{"@id":"https:\/\/js-psychologue.fr\/#breadcrumb"},"inLanguage":"fr-FR","potentialAction":[{"@type":"ReadAction","target":["https:\/\/js-psychologue.fr\/"]}]},{"@type":"BreadcrumbList","@id":"https:\/\/js-psychologue.fr\/#breadcrumb","itemListElement":[{"@type":"ListItem","position":1,"name":"Accueil","item":"https:\/\/js-psychologue.fr\/"},{"@type":"ListItem","position":2,"name":"Qui suis-je?"}]},{"@type":"WebSite","@id":"https:\/\/js-psychologue.fr\/#website","url":"https:\/\/js-psychologue.fr\/","name":"Julie SCOUPPE, Psychologue - psychoth\u00e9rapeute \u00e0 Montpellier","description":"&quot;L&#039;important n&#039;est pas ce que l&#039;on a fait de nous, mais ce que nous faisons nous-m\u00eames de ce que l&#039;on a fait de nous.&quot;                            Jean-Paul Sartre","publisher":{"@id":"https:\/\/js-psychologue.fr\/#\/schema\/person\/5fc3895255d5fcb3465e8411814b7ed3"},"potentialAction":[{"@type":"SearchAction","target":{"@type":"EntryPoint","urlTemplate":"https:\/\/js-psychologue.fr\/?s={search_term_string}"},"query-input":"required name=search_term_string"}],"inLanguage":"fr-FR"},{"@type":["Person","Organization"],"@id":"https:\/\/js-psychologue.fr\/#\/schema\/person\/5fc3895255d5fcb3465e8411814b7ed3","name":"Julie SCOUPPE","image":{"@type":"ImageObject","inLanguage":"fr-FR","@id":"https:\/\/js-psychologue.fr\/#\/schema\/person\/image\/","url":"https:\/\/secure.gravatar.com\/avatar\/a9f07b4df8c8333cf0ea12e9bda09622d8fbfcd4df7271b0e9aadc791ac7ce3c?s=96&d=mm&r=g","contentUrl":"https:\/\/secure.gravatar.com\/avatar\/a9f07b4df8c8333cf0ea12e9bda09622d8fbfcd4df7271b0e9aadc791ac7ce3c?s=96&d=mm&r=g","caption":"Julie SCOUPPE"},"logo":{"@id":"https:\/\/js-psychologue.fr\/#\/schema\/person\/image\/"}}]}},"_links":{"self":[{"href":"https:\/\/js-psychologue.fr\/index.php?rest_route=\/wp\/v2\/pages\/48","targetHints":{"allow":["GET"]}}],"collection":[{"href":"https:\/\/js-psychologue.fr\/index.php?rest_route=\/wp\/v2\/pages"}],"about":[{"href":"https:\/\/js-psychologue.fr\/index.php?rest_route=\/wp\/v2\/types\/page"}],"author":[{"embeddable":true,"href":"https:\/\/js-psychologue.fr\/index.php?rest_route=\/wp\/v2\/users\/1"}],"replies":[{"embeddable":true,"href":"https:\/\/js-psychologue.fr\/index.php?rest_route=%2Fwp%2Fv2%2Fcomments&post=48"}],"version-history":[{"count":41,"href":"https:\/\/js-psychologue.fr\/index.php?rest_route=\/wp\/v2\/pages\/48\/revisions"}],"predecessor-version":[{"id":496,"href":"https:\/\/js-psychologue.fr\/index.php?rest_route=\/wp\/v2\/pages\/48\/revisions\/496"}],"wp:attachment":[{"href":"https:\/\/js-psychologue.fr\/index.php?rest_route=%2Fwp%2Fv2%2Fmedia&parent=48"}],"curies":[{"name":"wp","href":"https:\/\/api.w.org\/{rel}","templated":true}]}}